{"id":18620,"date":"2021-08-30T21:56:19","date_gmt":"2021-08-31T03:56:19","guid":{"rendered":"https:\/\/odrealty.mx\/?page_id=18620"},"modified":"2021-09-23T18:23:04","modified_gmt":"2021-09-24T00:23:04","slug":"privacy-policy-odr","status":"publish","type":"page","link":"https:\/\/odrealty.mx\/es\/privacy-policy-odr\/","title":{"rendered":"Aviso de Privacidad"},"content":{"rendered":"<div data-elementor-type=\"wp-page\" data-elementor-id=\"18620\" class=\"elementor elementor-18620\">\n\t\t\t\t\t\t<section class=\"elementor-section elementor-top-section elementor-element elementor-element-228a982 elementor-section-full_width elementor-section-height-default elementor-section-height-default\" data-id=\"228a982\" data-element_type=\"section\">\n\t\t\t\t\t\t<div class=\"elementor-container elementor-column-gap-custom\">\n\t\t\t\t\t<div class=\"elementor-column elementor-col-100 elementor-top-column elementor-element elementor-element-3b75b87\" data-id=\"3b75b87\" data-element_type=\"column\" data-settings=\"{&quot;background_background&quot;:&quot;classic&quot;}\">\n\t\t\t<div class=\"elementor-widget-wrap elementor-element-populated\">\n\t\t\t\t\t<div class=\"elementor-background-overlay\"><\/div>\n\t\t\t\t\t\t<div class=\"elementor-element elementor-element-ff1ea90 elementor-widget-divider--view-line elementor-widget elementor-widget-divider\" data-id=\"ff1ea90\" data-element_type=\"widget\" data-widget_type=\"divider.default\">\n\t\t\t\t<div class=\"elementor-widget-container\">\n\t\t\t<style>\/*! elementor - v3.21.0 - 26-05-2024 *\/\n.elementor-widget-divider{--divider-border-style:none;--divider-border-width:1px;--divider-color:#0c0d0e;--divider-icon-size:20px;--divider-element-spacing:10px;--divider-pattern-height:24px;--divider-pattern-size:20px;--divider-pattern-url:none;--divider-pattern-repeat:repeat-x}.elementor-widget-divider .elementor-divider{display:flex}.elementor-widget-divider .elementor-divider__text{font-size:15px;line-height:1;max-width:95%}.elementor-widget-divider .elementor-divider__element{margin:0 var(--divider-element-spacing);flex-shrink:0}.elementor-widget-divider .elementor-icon{font-size:var(--divider-icon-size)}.elementor-widget-divider .elementor-divider-separator{display:flex;margin:0;direction:ltr}.elementor-widget-divider--view-line_icon .elementor-divider-separator,.elementor-widget-divider--view-line_text .elementor-divider-separator{align-items:center}.elementor-widget-divider--view-line_icon .elementor-divider-separator:after,.elementor-widget-divider--view-line_icon .elementor-divider-separator:before,.elementor-widget-divider--view-line_text .elementor-divider-separator:after,.elementor-widget-divider--view-line_text .elementor-divider-separator:before{display:block;content:\"\";border-block-end:0;flex-grow:1;border-block-start:var(--divider-border-width) var(--divider-border-style) var(--divider-color)}.elementor-widget-divider--element-align-left .elementor-divider .elementor-divider-separator>.elementor-divider__svg:first-of-type{flex-grow:0;flex-shrink:100}.elementor-widget-divider--element-align-left .elementor-divider-separator:before{content:none}.elementor-widget-divider--element-align-left .elementor-divider__element{margin-left:0}.elementor-widget-divider--element-align-right .elementor-divider .elementor-divider-separator>.elementor-divider__svg:last-of-type{flex-grow:0;flex-shrink:100}.elementor-widget-divider--element-align-right .elementor-divider-separator:after{content:none}.elementor-widget-divider--element-align-right .elementor-divider__element{margin-right:0}.elementor-widget-divider--element-align-start .elementor-divider .elementor-divider-separator>.elementor-divider__svg:first-of-type{flex-grow:0;flex-shrink:100}.elementor-widget-divider--element-align-start .elementor-divider-separator:before{content:none}.elementor-widget-divider--element-align-start .elementor-divider__element{margin-inline-start:0}.elementor-widget-divider--element-align-end .elementor-divider .elementor-divider-separator>.elementor-divider__svg:last-of-type{flex-grow:0;flex-shrink:100}.elementor-widget-divider--element-align-end .elementor-divider-separator:after{content:none}.elementor-widget-divider--element-align-end .elementor-divider__element{margin-inline-end:0}.elementor-widget-divider:not(.elementor-widget-divider--view-line_text):not(.elementor-widget-divider--view-line_icon) .elementor-divider-separator{border-block-start:var(--divider-border-width) var(--divider-border-style) var(--divider-color)}.elementor-widget-divider--separator-type-pattern{--divider-border-style:none}.elementor-widget-divider--separator-type-pattern.elementor-widget-divider--view-line .elementor-divider-separator,.elementor-widget-divider--separator-type-pattern:not(.elementor-widget-divider--view-line) .elementor-divider-separator:after,.elementor-widget-divider--separator-type-pattern:not(.elementor-widget-divider--view-line) .elementor-divider-separator:before,.elementor-widget-divider--separator-type-pattern:not([class*=elementor-widget-divider--view]) .elementor-divider-separator{width:100%;min-height:var(--divider-pattern-height);-webkit-mask-size:var(--divider-pattern-size) 100%;mask-size:var(--divider-pattern-size) 100%;-webkit-mask-repeat:var(--divider-pattern-repeat);mask-repeat:var(--divider-pattern-repeat);background-color:var(--divider-color);-webkit-mask-image:var(--divider-pattern-url);mask-image:var(--divider-pattern-url)}.elementor-widget-divider--no-spacing{--divider-pattern-size:auto}.elementor-widget-divider--bg-round{--divider-pattern-repeat:round}.rtl .elementor-widget-divider .elementor-divider__text{direction:rtl}.e-con-inner>.elementor-widget-divider,.e-con>.elementor-widget-divider{width:var(--container-widget-width,100%);--flex-grow:var(--container-widget-flex-grow)}<\/style>\t\t<div class=\"elementor-divider\">\n\t\t\t<span class=\"elementor-divider-separator\">\n\t\t\t\t\t\t<\/span>\n\t\t<\/div>\n\t\t\t\t<\/div>\n\t\t\t\t<\/div>\n\t\t\t\t\t<\/div>\n\t\t<\/div>\n\t\t\t\t\t<\/div>\n\t\t<\/section>\n\t\t\t\t<section class=\"elementor-section elementor-top-section elementor-element elementor-element-b936c48 elementor-section-boxed elementor-section-height-default elementor-section-height-default\" data-id=\"b936c48\" data-element_type=\"section\">\n\t\t\t\t\t\t<div class=\"elementor-container elementor-column-gap-default\">\n\t\t\t\t\t<div class=\"elementor-column elementor-col-100 elementor-top-column elementor-element elementor-element-42fa672\" data-id=\"42fa672\" data-element_type=\"column\">\n\t\t\t<div class=\"elementor-widget-wrap elementor-element-populated\">\n\t\t\t\t\t\t<div class=\"elementor-element elementor-element-03c033c elementor-widget elementor-widget-text-editor\" data-id=\"03c033c\" data-element_type=\"widget\" data-widget_type=\"text-editor.default\">\n\t\t\t\t<div class=\"elementor-widget-container\">\n\t\t\t<style>\/*! elementor - v3.21.0 - 26-05-2024 *\/\n.elementor-widget-text-editor.elementor-drop-cap-view-stacked .elementor-drop-cap{background-color:#69727d;color:#fff}.elementor-widget-text-editor.elementor-drop-cap-view-framed .elementor-drop-cap{color:#69727d;border:3px solid;background-color:transparent}.elementor-widget-text-editor:not(.elementor-drop-cap-view-default) .elementor-drop-cap{margin-top:8px}.elementor-widget-text-editor:not(.elementor-drop-cap-view-default) .elementor-drop-cap-letter{width:1em;height:1em}.elementor-widget-text-editor .elementor-drop-cap{float:left;text-align:center;line-height:1;font-size:50px}.elementor-widget-text-editor .elementor-drop-cap-letter{display:inline-block}<\/style>\t\t\t\t<h1>\u00a0<\/h1><h2><strong>PRIVACY POLICY<\/strong><\/h2><p>\u00a0<\/p><p id=\"tw-target-text\" dir=\"ltr\" style=\"text-align: left;\" data-placeholder=\"Traducci\u00f3n\">Ocean Dreams Realty, is responsible for the processing of personal data that we provide.<\/p><p dir=\"ltr\" style=\"text-align: left;\" data-placeholder=\"Traducci\u00f3n\">Your personal data will be used so that our sales agents and brokers can communicate with you for the purchase and sale of properties.<\/p><p dir=\"ltr\" style=\"text-align: left;\" data-placeholder=\"Traducci\u00f3n\">Additionally, we will use your personal information for the following purposes that are not They are necessary, but they allow and facilitate us to provide you with better service: a) sending information about new properties; and, b) invitations to future events.<\/p><p dir=\"ltr\" style=\"text-align: left;\" data-placeholder=\"Traducci\u00f3n\">In case you do not want your personal data to be processed for additional purposes, You can express it in the email <b>office@odrealty.mx<\/b>.<\/p><p dir=\"ltr\" style=\"text-align: left;\" data-placeholder=\"Traducci\u00f3n\">It is reported that no transfers will be made that require your consent, except those that are necessary to meet information requirements of a competent authority, duly founded and motivated.<\/p><p dir=\"ltr\" style=\"text-align: left;\" data-placeholder=\"Traducci\u00f3n\">For more information about the treatment and the rights that you can assert, you You can contact <b>Ocean Dreams Realty<\/b> at the email <b>office@odrealty.mx<\/b><\/p><p dir=\"ltr\" data-placeholder=\"Traducci\u00f3n\">\u00a0<\/p><hr \/><h1 dir=\"ltr\" data-placeholder=\"Traducci\u00f3n\">\u00a0<\/h1><h2 dir=\"ltr\" style=\"text-align: left;\" data-placeholder=\"Traducci\u00f3n\"><strong>Aviso de Privacidad<\/strong><\/h2><p dir=\"ltr\" data-placeholder=\"Traducci\u00f3n\">\u00a0<\/p><p dir=\"ltr\" style=\"text-align: left;\" data-placeholder=\"Traducci\u00f3n\">Ocean Dreams Realty, es el responsable del tratamiento de los datos personales que nos proporcione.<\/p><p>Sus datos personales, ser\u00e1n utilizados para que nuestros agentes de ventas y brokers puedan comunicarle informaci\u00f3n para la compra y venta de propiedades.<\/p><p>De manera adicional, utilizaremos su informaci\u00f3n personal para las siguientes finalidades que no son necesarias, pero que nos permiten y facilitan brindarle una mejor atenci\u00f3n: a) env\u00edo de informaci\u00f3n sobre nuevas propiedades; y, b) invitaciones a futuros eventos.<\/p><p>En caso de que no desee que sus datos personales sean tratados para las finalidades adicionales,\u00a0usted puede manifestarlo en el correo electr\u00f3nico <b>office@odrealty.mx<\/b>.<\/p><p>Se informa que no se realizar\u00e1n transferencias que requieran su consentimiento, salvo aquellas\u00a0que sean necesarias para atender requerimientos de informaci\u00f3n de una autoridad competente,\u00a0debidamente fundados y motivados.<\/p><p>Para mayor informaci\u00f3n acerca del tratamiento y de los derechos que puede hacer valer, usted\u00a0puede comunicarse con <b>Ocean Dreams Realty<\/b> en el correo <b>office@odrealty.mx<\/b><\/p>\t\t\t\t\t\t<\/div>\n\t\t\t\t<\/div>\n\t\t\t\t\t<\/div>\n\t\t<\/div>\n\t\t\t\t\t<\/div>\n\t\t<\/section>\n\t\t\t\t<\/div>","protected":false},"excerpt":{"rendered":"<p>\u00a0 PRIVACY POLICY \u00a0 Ocean Dreams Realty, is responsible for the processing of personal data that we provide. Your personal data will be used so that our sales agents and brokers can communicate with you for the purchase and sale of properties. Additionally, we will use your personal information for the following purposes that are [&hellip;]<\/p>","protected":false},"author":1,"featured_media":0,"parent":0,"menu_order":0,"comment_status":"closed","ping_status":"closed","template":"template\/template-homepage.php","meta":{"footnotes":""},"class_list":["post-18620","page","type-page","status-publish","hentry"],"_links":{"self":[{"href":"https:\/\/odrealty.mx\/es\/wp-json\/wp\/v2\/pages\/18620","targetHints":{"allow":["GET"]}}],"collection":[{"href":"https:\/\/odrealty.mx\/es\/wp-json\/wp\/v2\/pages"}],"about":[{"href":"https:\/\/odrealty.mx\/es\/wp-json\/wp\/v2\/types\/page"}],"author":[{"embeddable":true,"href":"https:\/\/odrealty.mx\/es\/wp-json\/wp\/v2\/users\/1"}],"replies":[{"embeddable":true,"href":"https:\/\/odrealty.mx\/es\/wp-json\/wp\/v2\/comments?post=18620"}],"version-history":[{"count":21,"href":"https:\/\/odrealty.mx\/es\/wp-json\/wp\/v2\/pages\/18620\/revisions"}],"predecessor-version":[{"id":19980,"href":"https:\/\/odrealty.mx\/es\/wp-json\/wp\/v2\/pages\/18620\/revisions\/19980"}],"wp:attachment":[{"href":"https:\/\/odrealty.mx\/es\/wp-json\/wp\/v2\/media?parent=18620"}],"curies":[{"name":"wp","href":"https:\/\/api.w.org\/{rel}","templated":true}]}}