{"id":19166,"date":"2021-09-01T20:48:41","date_gmt":"2021-09-02T02:48:41","guid":{"rendered":"https:\/\/odrealty.mx\/?page_id=19166"},"modified":"2021-09-22T13:16:24","modified_gmt":"2021-09-22T19:16:24","slug":"la-paz","status":"publish","type":"page","link":"https:\/\/odrealty.mx\/es\/la-paz\/","title":{"rendered":"LA PAZ"},"content":{"rendered":"<div data-elementor-type=\"wp-page\" data-elementor-id=\"19166\" class=\"elementor elementor-19166\">\n\t\t\t\t\t\t<section class=\"elementor-section elementor-top-section elementor-element elementor-element-a0c19c9 elementor-section-boxed elementor-section-height-default elementor-section-height-default\" data-id=\"a0c19c9\" data-element_type=\"section\">\n\t\t\t\t\t\t<div class=\"elementor-container elementor-column-gap-default\">\n\t\t\t\t\t<div class=\"elementor-column elementor-col-100 elementor-top-column elementor-element elementor-element-0f4d266\" data-id=\"0f4d266\" data-element_type=\"column\">\n\t\t\t<div class=\"elementor-widget-wrap elementor-element-populated\">\n\t\t\t\t\t\t<div class=\"elementor-element elementor-element-299a850 elementor-widget elementor-widget-heading\" data-id=\"299a850\" data-element_type=\"widget\" data-widget_type=\"heading.default\">\n\t\t\t\t<div class=\"elementor-widget-container\">\n\t\t\t<style>\/*! elementor - v3.21.0 - 26-05-2024 *\/\n.elementor-heading-title{padding:0;margin:0;line-height:1}.elementor-widget-heading .elementor-heading-title[class*=elementor-size-]>a{color:inherit;font-size:inherit;line-height:inherit}.elementor-widget-heading .elementor-heading-title.elementor-size-small{font-size:15px}.elementor-widget-heading .elementor-heading-title.elementor-size-medium{font-size:19px}.elementor-widget-heading .elementor-heading-title.elementor-size-large{font-size:29px}.elementor-widget-heading .elementor-heading-title.elementor-size-xl{font-size:39px}.elementor-widget-heading .elementor-heading-title.elementor-size-xxl{font-size:59px}<\/style><h1 class=\"elementor-heading-title elementor-size-default\">lA PAZ<\/h1>\t\t<\/div>\n\t\t\t\t<\/div>\n\t\t\t\t\t<\/div>\n\t\t<\/div>\n\t\t\t\t\t<\/div>\n\t\t<\/section>\n\t\t\t\t<section class=\"elementor-section elementor-top-section elementor-element elementor-element-eed2e0a elementor-section-boxed elementor-section-height-default elementor-section-height-default\" data-id=\"eed2e0a\" data-element_type=\"section\">\n\t\t\t\t\t\t<div class=\"elementor-container elementor-column-gap-default\">\n\t\t\t\t\t<div class=\"elementor-column elementor-col-100 elementor-top-column elementor-element elementor-element-7ec64e5\" data-id=\"7ec64e5\" data-element_type=\"column\">\n\t\t\t<div class=\"elementor-widget-wrap elementor-element-populated\">\n\t\t\t\t\t\t<div class=\"elementor-element elementor-element-9315c60 elementor-arrows-position-inside elementor-pagination-position-outside elementor-widget elementor-widget-image-carousel\" data-id=\"9315c60\" data-element_type=\"widget\" data-settings=\"{&quot;navigation&quot;:&quot;both&quot;,&quot;autoplay&quot;:&quot;yes&quot;,&quot;pause_on_hover&quot;:&quot;yes&quot;,&quot;pause_on_interaction&quot;:&quot;yes&quot;,&quot;autoplay_speed&quot;:5000,&quot;infinite&quot;:&quot;yes&quot;,&quot;speed&quot;:500}\" data-widget_type=\"image-carousel.default\">\n\t\t\t\t<div class=\"elementor-widget-container\">\n\t\t\t<style>\/*! elementor - v3.21.0 - 26-05-2024 *\/\n.elementor-widget-image-carousel .swiper,.elementor-widget-image-carousel .swiper-container{position:static}.elementor-widget-image-carousel .swiper-container .swiper-slide figure,.elementor-widget-image-carousel .swiper .swiper-slide figure{line-height:inherit}.elementor-widget-image-carousel .swiper-slide{text-align:center}.elementor-image-carousel-wrapper:not(.swiper-container-initialized):not(.swiper-initialized) .swiper-slide{max-width:calc(100% \/ var(--e-image-carousel-slides-to-show, 3))}<\/style>\t\t<div class=\"elementor-image-carousel-wrapper swiper\" dir=\"ltr\">\n\t\t\t<div class=\"elementor-image-carousel swiper-wrapper swiper-image-stretch\" aria-live=\"off\">\n\t\t\t\t\t\t\t\t<div class=\"swiper-slide\" role=\"group\" aria-roledescription=\"slide\" aria-label=\"1 de 4\"><figure class=\"swiper-slide-inner\"><img decoding=\"async\" class=\"swiper-slide-image\" src=\"https:\/\/odrealty.mx\/wp-content\/uploads\/2021\/09\/LAPAZ_1-1-300x225.jpg\" alt=\"LAPAZ_1\" \/><\/figure><\/div><div class=\"swiper-slide\" role=\"group\" aria-roledescription=\"slide\" aria-label=\"2 de 4\"><figure class=\"swiper-slide-inner\"><img decoding=\"async\" class=\"swiper-slide-image\" src=\"https:\/\/odrealty.mx\/wp-content\/uploads\/2021\/09\/LAPAZ_2-1-300x225.jpg\" alt=\"LAPAZ_2\" \/><\/figure><\/div><div class=\"swiper-slide\" role=\"group\" aria-roledescription=\"slide\" aria-label=\"3 de 4\"><figure class=\"swiper-slide-inner\"><img decoding=\"async\" class=\"swiper-slide-image\" src=\"https:\/\/odrealty.mx\/wp-content\/uploads\/2021\/09\/LAPAZ_3-1-300x225.jpg\" alt=\"LAPAZ_3\" \/><\/figure><\/div><div class=\"swiper-slide\" role=\"group\" aria-roledescription=\"slide\" aria-label=\"4 de 4\"><figure class=\"swiper-slide-inner\"><img decoding=\"async\" class=\"swiper-slide-image\" src=\"https:\/\/odrealty.mx\/wp-content\/uploads\/2021\/09\/LAPAZ_4-1-300x225.jpg\" alt=\"LAPAZ_4\" \/><\/figure><\/div>\t\t\t<\/div>\n\t\t\t\t\t\t\t\t\t\t\t\t<div class=\"elementor-swiper-button elementor-swiper-button-prev\" role=\"button\" tabindex=\"0\">\n\t\t\t\t\t\t<i aria-hidden=\"true\" class=\"eicon-chevron-left\"><\/i>\t\t\t\t\t<\/div>\n\t\t\t\t\t<div class=\"elementor-swiper-button elementor-swiper-button-next\" role=\"button\" tabindex=\"0\">\n\t\t\t\t\t\t<i aria-hidden=\"true\" class=\"eicon-chevron-right\"><\/i>\t\t\t\t\t<\/div>\n\t\t\t\t\n\t\t\t\t\t\t\t\t\t<div class=\"swiper-pagination\"><\/div>\n\t\t\t\t\t\t\t\t\t<\/div>\n\t\t\t\t<\/div>\n\t\t\t\t<\/div>\n\t\t\t\t\t<\/div>\n\t\t<\/div>\n\t\t\t\t\t<\/div>\n\t\t<\/section>\n\t\t\t\t<section class=\"elementor-section elementor-top-section elementor-element elementor-element-3972ee7 elementor-section-boxed elementor-section-height-default elementor-section-height-default\" data-id=\"3972ee7\" data-element_type=\"section\">\n\t\t\t\t\t\t<div class=\"elementor-container elementor-column-gap-default\">\n\t\t\t\t\t<div class=\"elementor-column elementor-col-100 elementor-top-column elementor-element elementor-element-57d35d9\" data-id=\"57d35d9\" data-element_type=\"column\">\n\t\t\t<div class=\"elementor-widget-wrap elementor-element-populated\">\n\t\t\t\t\t\t<div class=\"elementor-element elementor-element-974261f elementor-widget elementor-widget-text-editor\" data-id=\"974261f\" data-element_type=\"widget\" data-widget_type=\"text-editor.default\">\n\t\t\t\t<div class=\"elementor-widget-container\">\n\t\t\t<style>\/*! elementor - v3.21.0 - 26-05-2024 *\/\n.elementor-widget-text-editor.elementor-drop-cap-view-stacked .elementor-drop-cap{background-color:#69727d;color:#fff}.elementor-widget-text-editor.elementor-drop-cap-view-framed .elementor-drop-cap{color:#69727d;border:3px solid;background-color:transparent}.elementor-widget-text-editor:not(.elementor-drop-cap-view-default) .elementor-drop-cap{margin-top:8px}.elementor-widget-text-editor:not(.elementor-drop-cap-view-default) .elementor-drop-cap-letter{width:1em;height:1em}.elementor-widget-text-editor .elementor-drop-cap{float:left;text-align:center;line-height:1;font-size:50px}.elementor-widget-text-editor .elementor-drop-cap-letter{display:inline-block}<\/style>\t\t\t\t<p>Actualmente me desempe\u00f1o como consultor inmobiliario y pertenezco al gran equipo de Ocean Dreams Realty La Paz, BCS. Esta empresa cuenta con un equipo interdisciplinario donde est\u00e1n dispuestos a contribuir para hacer realidad todos tus sue\u00f1os.<\/p><p>Bah\u00eda de Santa Cruz fue el primer nombre de esta ciudad, dado por Hern\u00e1n Cort\u00e9s el 3 de mayo de 1535, aunque La Paz tuvo una segunda fundaci\u00f3n en 1596, cuando el navegante Sebasti\u00e1n Vizca\u00edno le dio el nombre que hoy conocemos.<\/p>\t\t\t\t\t\t<\/div>\n\t\t\t\t<\/div>\n\t\t\t\t\t<\/div>\n\t\t<\/div>\n\t\t\t\t\t<\/div>\n\t\t<\/section>\n\t\t\t\t<section class=\"elementor-section elementor-top-section elementor-element elementor-element-8236b68 elementor-section-boxed elementor-section-height-default elementor-section-height-default\" data-id=\"8236b68\" data-element_type=\"section\">\n\t\t\t\t\t\t<div class=\"elementor-container elementor-column-gap-default\">\n\t\t\t\t\t<div class=\"elementor-column elementor-col-50 elementor-top-column elementor-element elementor-element-ec563ff\" data-id=\"ec563ff\" data-element_type=\"column\">\n\t\t\t<div class=\"elementor-widget-wrap elementor-element-populated\">\n\t\t\t\t\t\t<div class=\"elementor-element elementor-element-057a010 elementor-widget elementor-widget-text-editor\" data-id=\"057a010\" data-element_type=\"widget\" data-widget_type=\"text-editor.default\">\n\t\t\t\t<div class=\"elementor-widget-container\">\n\t\t\t\t\t\t\t<p><strong>ATRACCIONES TUR\u00cdSTICAS<\/strong>\u00a0:<\/p><p>- Isla Esp\u00edritu Santo<\/p><p>- Museo Regional de Antropolog\u00eda e Historia de Baja California Sur.<\/p><p>- Catedral de La Paz<\/p><p>- Playa Balandra<\/p><p>- Playa El Tecolote<\/p><p>- Playa El Coromuel<\/p><p>- Playa El Saltito<\/p><p>- Malec\u00f3n de La Paz<\/p><p>- Pueblos cercanos<\/p>\t\t\t\t\t\t<\/div>\n\t\t\t\t<\/div>\n\t\t\t\t\t<\/div>\n\t\t<\/div>\n\t\t\t\t<div class=\"elementor-column elementor-col-50 elementor-top-column elementor-element elementor-element-6b75ee0\" data-id=\"6b75ee0\" data-element_type=\"column\">\n\t\t\t<div class=\"elementor-widget-wrap elementor-element-populated\">\n\t\t\t\t\t\t<div class=\"elementor-element elementor-element-ffe0192 elementor-widget elementor-widget-text-editor\" data-id=\"ffe0192\" data-element_type=\"widget\" data-widget_type=\"text-editor.default\">\n\t\t\t\t<div class=\"elementor-widget-container\">\n\t\t\t\t\t\t\t<p><strong>ACTIVIDADES PARA HACER:<\/strong><\/p><p>- Nadar con tiburones ballena<\/p><p>- Visitar pueblos cercanos<\/p><p>- Tour de snorkel \/ Isla Esp\u00edritu Santo<\/p><p>- Tour de avistamiento de ballenas<\/p><p>- Pesca deportiva<\/p><p>- Visitar Centro Hist\u00f3rico<\/p><p>- Nadar en las playas<\/p>\t\t\t\t\t\t<\/div>\n\t\t\t\t<\/div>\n\t\t\t\t\t<\/div>\n\t\t<\/div>\n\t\t\t\t\t<\/div>\n\t\t<\/section>\n\t\t\t\t<\/div>","protected":false},"excerpt":{"rendered":"<p>lA PAZ Anterior Siguiente La Paz is the capital of Baja California Sur, a Mexican state on the Baja California Sur peninsula. It is known for its oceanfront boardwalk with beaches, parks and works by international and Mexican artists. Many bars and restaurants overlook the sea, the location of La Paz makes one of the [&hellip;]<\/p>","protected":false},"author":1,"featured_media":0,"parent":0,"menu_order":0,"comment_status":"closed","ping_status":"closed","template":"template\/template-homepage.php","meta":{"footnotes":""},"class_list":["post-19166","page","type-page","status-publish","hentry"],"_links":{"self":[{"href":"https:\/\/odrealty.mx\/es\/wp-json\/wp\/v2\/pages\/19166","targetHints":{"allow":["GET"]}}],"collection":[{"href":"https:\/\/odrealty.mx\/es\/wp-json\/wp\/v2\/pages"}],"about":[{"href":"https:\/\/odrealty.mx\/es\/wp-json\/wp\/v2\/types\/page"}],"author":[{"embeddable":true,"href":"https:\/\/odrealty.mx\/es\/wp-json\/wp\/v2\/users\/1"}],"replies":[{"embeddable":true,"href":"https:\/\/odrealty.mx\/es\/wp-json\/wp\/v2\/comments?post=19166"}],"version-history":[{"count":11,"href":"https:\/\/odrealty.mx\/es\/wp-json\/wp\/v2\/pages\/19166\/revisions"}],"predecessor-version":[{"id":19881,"href":"https:\/\/odrealty.mx\/es\/wp-json\/wp\/v2\/pages\/19166\/revisions\/19881"}],"wp:attachment":[{"href":"https:\/\/odrealty.mx\/es\/wp-json\/wp\/v2\/media?parent=19166"}],"curies":[{"name":"wp","href":"https:\/\/api.w.org\/{rel}","templated":true}]}}