{"id":19229,"date":"2021-09-01T22:06:51","date_gmt":"2021-09-02T04:06:51","guid":{"rendered":"https:\/\/odrealty.mx\/?page_id=19229"},"modified":"2021-09-22T13:22:47","modified_gmt":"2021-09-22T19:22:47","slug":"la-ventana-sargento","status":"publish","type":"page","link":"https:\/\/odrealty.mx\/es\/la-ventana-sargento\/","title":{"rendered":"LA VENTANA \/ SARGENTO"},"content":{"rendered":"<div data-elementor-type=\"wp-page\" data-elementor-id=\"19229\" class=\"elementor elementor-19229\">\n\t\t\t\t\t\t<section class=\"elementor-section elementor-top-section elementor-element elementor-element-040b737 elementor-section-boxed elementor-section-height-default elementor-section-height-default\" data-id=\"040b737\" data-element_type=\"section\">\n\t\t\t\t\t\t<div class=\"elementor-container elementor-column-gap-default\">\n\t\t\t\t\t<div class=\"elementor-column elementor-col-100 elementor-top-column elementor-element elementor-element-bbab76b\" data-id=\"bbab76b\" data-element_type=\"column\">\n\t\t\t<div class=\"elementor-widget-wrap elementor-element-populated\">\n\t\t\t\t\t\t<div class=\"elementor-element elementor-element-03485b7 elementor-widget elementor-widget-heading\" data-id=\"03485b7\" data-element_type=\"widget\" data-widget_type=\"heading.default\">\n\t\t\t\t<div class=\"elementor-widget-container\">\n\t\t\t<style>\/*! elementor - v3.21.0 - 26-05-2024 *\/\n.elementor-heading-title{padding:0;margin:0;line-height:1}.elementor-widget-heading .elementor-heading-title[class*=elementor-size-]>a{color:inherit;font-size:inherit;line-height:inherit}.elementor-widget-heading .elementor-heading-title.elementor-size-small{font-size:15px}.elementor-widget-heading .elementor-heading-title.elementor-size-medium{font-size:19px}.elementor-widget-heading .elementor-heading-title.elementor-size-large{font-size:29px}.elementor-widget-heading .elementor-heading-title.elementor-size-xl{font-size:39px}.elementor-widget-heading .elementor-heading-title.elementor-size-xxl{font-size:59px}<\/style><h1 class=\"elementor-heading-title elementor-size-default\">LA VENTANA \/ SARGENTO<\/h1>\t\t<\/div>\n\t\t\t\t<\/div>\n\t\t\t\t\t<\/div>\n\t\t<\/div>\n\t\t\t\t\t<\/div>\n\t\t<\/section>\n\t\t\t\t<section class=\"elementor-section elementor-top-section elementor-element elementor-element-e277ef6 elementor-section-boxed elementor-section-height-default elementor-section-height-default\" data-id=\"e277ef6\" data-element_type=\"section\">\n\t\t\t\t\t\t<div class=\"elementor-container elementor-column-gap-default\">\n\t\t\t\t\t<div class=\"elementor-column elementor-col-100 elementor-top-column elementor-element elementor-element-1540560\" data-id=\"1540560\" data-element_type=\"column\">\n\t\t\t<div class=\"elementor-widget-wrap elementor-element-populated\">\n\t\t\t\t\t\t<div class=\"elementor-element elementor-element-00a33fe elementor-arrows-position-inside elementor-pagination-position-outside elementor-widget elementor-widget-image-carousel\" data-id=\"00a33fe\" data-element_type=\"widget\" data-settings=\"{&quot;navigation&quot;:&quot;both&quot;,&quot;autoplay&quot;:&quot;yes&quot;,&quot;pause_on_hover&quot;:&quot;yes&quot;,&quot;pause_on_interaction&quot;:&quot;yes&quot;,&quot;autoplay_speed&quot;:5000,&quot;infinite&quot;:&quot;yes&quot;,&quot;speed&quot;:500}\" data-widget_type=\"image-carousel.default\">\n\t\t\t\t<div class=\"elementor-widget-container\">\n\t\t\t<style>\/*! elementor - v3.21.0 - 26-05-2024 *\/\n.elementor-widget-image-carousel .swiper,.elementor-widget-image-carousel .swiper-container{position:static}.elementor-widget-image-carousel .swiper-container .swiper-slide figure,.elementor-widget-image-carousel .swiper .swiper-slide figure{line-height:inherit}.elementor-widget-image-carousel .swiper-slide{text-align:center}.elementor-image-carousel-wrapper:not(.swiper-container-initialized):not(.swiper-initialized) .swiper-slide{max-width:calc(100% \/ var(--e-image-carousel-slides-to-show, 3))}<\/style>\t\t<div class=\"elementor-image-carousel-wrapper swiper\" dir=\"ltr\">\n\t\t\t<div class=\"elementor-image-carousel swiper-wrapper swiper-image-stretch\" aria-live=\"off\">\n\t\t\t\t\t\t\t\t<div class=\"swiper-slide\" role=\"group\" aria-roledescription=\"slide\" aria-label=\"1 de 3\"><figure class=\"swiper-slide-inner\"><img decoding=\"async\" class=\"swiper-slide-image\" src=\"https:\/\/odrealty.mx\/wp-content\/uploads\/2021\/09\/VENTANA_1-300x225.jpg\" alt=\"VENTANA_1\" \/><\/figure><\/div><div class=\"swiper-slide\" role=\"group\" aria-roledescription=\"slide\" aria-label=\"2 de 3\"><figure class=\"swiper-slide-inner\"><img decoding=\"async\" class=\"swiper-slide-image\" src=\"https:\/\/odrealty.mx\/wp-content\/uploads\/2021\/09\/VENTANA_2-300x225.jpg\" alt=\"VENTANA_2\" \/><\/figure><\/div><div class=\"swiper-slide\" role=\"group\" aria-roledescription=\"slide\" aria-label=\"3 de 3\"><figure class=\"swiper-slide-inner\"><img decoding=\"async\" class=\"swiper-slide-image\" src=\"https:\/\/odrealty.mx\/wp-content\/uploads\/2021\/09\/VENTANA_3-300x225.jpg\" alt=\"VENTANA_3\" \/><\/figure><\/div>\t\t\t<\/div>\n\t\t\t\t\t\t\t\t\t\t\t\t<div class=\"elementor-swiper-button elementor-swiper-button-prev\" role=\"button\" tabindex=\"0\">\n\t\t\t\t\t\t<i aria-hidden=\"true\" class=\"eicon-chevron-left\"><\/i>\t\t\t\t\t<\/div>\n\t\t\t\t\t<div class=\"elementor-swiper-button elementor-swiper-button-next\" role=\"button\" tabindex=\"0\">\n\t\t\t\t\t\t<i aria-hidden=\"true\" class=\"eicon-chevron-right\"><\/i>\t\t\t\t\t<\/div>\n\t\t\t\t\n\t\t\t\t\t\t\t\t\t<div class=\"swiper-pagination\"><\/div>\n\t\t\t\t\t\t\t\t\t<\/div>\n\t\t\t\t<\/div>\n\t\t\t\t<\/div>\n\t\t\t\t\t<\/div>\n\t\t<\/div>\n\t\t\t\t\t<\/div>\n\t\t<\/section>\n\t\t\t\t<section class=\"elementor-section elementor-top-section elementor-element elementor-element-e8dd4c3 elementor-section-boxed elementor-section-height-default elementor-section-height-default\" data-id=\"e8dd4c3\" data-element_type=\"section\">\n\t\t\t\t\t\t<div class=\"elementor-container elementor-column-gap-default\">\n\t\t\t\t\t<div class=\"elementor-column elementor-col-100 elementor-top-column elementor-element elementor-element-71ee42d\" data-id=\"71ee42d\" data-element_type=\"column\">\n\t\t\t<div class=\"elementor-widget-wrap elementor-element-populated\">\n\t\t\t\t\t\t<div class=\"elementor-element elementor-element-8504783 elementor-widget elementor-widget-text-editor\" data-id=\"8504783\" data-element_type=\"widget\" data-widget_type=\"text-editor.default\">\n\t\t\t\t<div class=\"elementor-widget-container\">\n\t\t\t<style>\/*! elementor - v3.21.0 - 26-05-2024 *\/\n.elementor-widget-text-editor.elementor-drop-cap-view-stacked .elementor-drop-cap{background-color:#69727d;color:#fff}.elementor-widget-text-editor.elementor-drop-cap-view-framed .elementor-drop-cap{color:#69727d;border:3px solid;background-color:transparent}.elementor-widget-text-editor:not(.elementor-drop-cap-view-default) .elementor-drop-cap{margin-top:8px}.elementor-widget-text-editor:not(.elementor-drop-cap-view-default) .elementor-drop-cap-letter{width:1em;height:1em}.elementor-widget-text-editor .elementor-drop-cap{float:left;text-align:center;line-height:1;font-size:50px}.elementor-widget-text-editor .elementor-drop-cap-letter{display:inline-block}<\/style>\t\t\t\t<p>A solo 40 minutos al sureste de La Paz se encuentra la bah\u00eda de La Ventana, un lugar en el Mar de Cort\u00e9s. Cuando est\u00e9s aqu\u00ed, visita las localidades vecinas de El Sargento y San Juan de los Planes.<\/p><p>En el horizonte, observa el terreno rocoso de la isla Cerralvo. Tambi\u00e9n se la conoce como Isla Jacques Cousteau, en honor al ocean\u00f3grafo franc\u00e9s que dirigi\u00f3 expediciones en esta zona y llam\u00f3 a esta regi\u00f3n \"el acuario del mundo\". El nombre de esta ciudad puede ser una referencia al espacio abierto entre las islas.<\/p><p>La playa virgen y las formaciones rocosas de La Ventana ofrecen un paisaje tranquilo y hermoso para la pr\u00e1ctica del kitesurf. Los deportes acu\u00e1ticos relacionados con la cometa son muy populares debido a los vientos constantes en esta impresionante zona tur\u00edstica con varios bares y hoteles. Deje que el viento sea su gu\u00eda en esta bah\u00eda curva.<\/p><p>La brisa te mantendr\u00e1 fresco mientras te relajas bajo el sol. Sum\u00e9rjase en las aguas termales que se mezclan con el mar. La Ventana Bay es un lugar ideal para disfrutar de un refrescante chapuz\u00f3n con tus amigos.<\/p>\t\t\t\t\t\t<\/div>\n\t\t\t\t<\/div>\n\t\t\t\t\t<\/div>\n\t\t<\/div>\n\t\t\t\t\t<\/div>\n\t\t<\/section>\n\t\t\t\t<section class=\"elementor-section elementor-top-section elementor-element elementor-element-890286f elementor-section-boxed elementor-section-height-default elementor-section-height-default\" data-id=\"890286f\" data-element_type=\"section\">\n\t\t\t\t\t\t<div class=\"elementor-container elementor-column-gap-default\">\n\t\t\t\t\t<div class=\"elementor-column elementor-col-50 elementor-top-column elementor-element elementor-element-4baa6c8\" data-id=\"4baa6c8\" data-element_type=\"column\">\n\t\t\t<div class=\"elementor-widget-wrap elementor-element-populated\">\n\t\t\t\t\t\t<div class=\"elementor-element elementor-element-f847a8e elementor-widget elementor-widget-text-editor\" data-id=\"f847a8e\" data-element_type=\"widget\" data-widget_type=\"text-editor.default\">\n\t\t\t\t<div class=\"elementor-widget-container\">\n\t\t\t\t\t\t\t<p><strong>OCUPACIONES:<\/strong><\/p><p>- Kayak<\/p><p>- Bucear<\/p><p>- Pesca<\/p><p>- Surf de vela<\/p><p>- Surf de Vela<\/p><p>- Acampar<\/p><p>- Visita la isla de Cerralvo en barco.<\/p>\t\t\t\t\t\t<\/div>\n\t\t\t\t<\/div>\n\t\t\t\t\t<\/div>\n\t\t<\/div>\n\t\t\t\t<div class=\"elementor-column elementor-col-50 elementor-top-column elementor-element elementor-element-c0f0d80\" data-id=\"c0f0d80\" data-element_type=\"column\">\n\t\t\t<div class=\"elementor-widget-wrap elementor-element-populated\">\n\t\t\t\t\t\t<div class=\"elementor-element elementor-element-73f5f29 elementor-widget elementor-widget-text-editor\" data-id=\"73f5f29\" data-element_type=\"widget\" data-widget_type=\"text-editor.default\">\n\t\t\t\t<div class=\"elementor-widget-container\">\n\t\t\t\t\t\t\t<p><strong>LUGARES PARA VISITAR:<\/strong><\/p><p>- Playa El Sargento<\/p><p>- Playa La Ventana<\/p><p>- Isla Cerralvo<\/p><p>- Pueblos cercanos<\/p>\t\t\t\t\t\t<\/div>\n\t\t\t\t<\/div>\n\t\t\t\t\t<\/div>\n\t\t<\/div>\n\t\t\t\t\t<\/div>\n\t\t<\/section>\n\t\t\t\t<\/div>","protected":false},"excerpt":{"rendered":"<p>LA VENTANA \/ SARGENTO Anterior Siguiente Just 40 minutes southeast of La Paz is the bay of La Ventana, a place on the Sea of Cortez. When you&#8217;re here, visit the neighboring towns of El Sargento and San Juan de los Planes. On the horizon, check out the rocky terrain of Cerralvo Island. It is [&hellip;]<\/p>","protected":false},"author":1,"featured_media":0,"parent":0,"menu_order":0,"comment_status":"closed","ping_status":"closed","template":"template\/template-homepage.php","meta":{"footnotes":""},"class_list":["post-19229","page","type-page","status-publish","hentry"],"_links":{"self":[{"href":"https:\/\/odrealty.mx\/es\/wp-json\/wp\/v2\/pages\/19229","targetHints":{"allow":["GET"]}}],"collection":[{"href":"https:\/\/odrealty.mx\/es\/wp-json\/wp\/v2\/pages"}],"about":[{"href":"https:\/\/odrealty.mx\/es\/wp-json\/wp\/v2\/types\/page"}],"author":[{"embeddable":true,"href":"https:\/\/odrealty.mx\/es\/wp-json\/wp\/v2\/users\/1"}],"replies":[{"embeddable":true,"href":"https:\/\/odrealty.mx\/es\/wp-json\/wp\/v2\/comments?post=19229"}],"version-history":[{"count":10,"href":"https:\/\/odrealty.mx\/es\/wp-json\/wp\/v2\/pages\/19229\/revisions"}],"predecessor-version":[{"id":19890,"href":"https:\/\/odrealty.mx\/es\/wp-json\/wp\/v2\/pages\/19229\/revisions\/19890"}],"wp:attachment":[{"href":"https:\/\/odrealty.mx\/es\/wp-json\/wp\/v2\/media?parent=19229"}],"curies":[{"name":"wp","href":"https:\/\/api.w.org\/{rel}","templated":true}]}}