{"id":19247,"date":"2021-09-01T22:24:16","date_gmt":"2021-09-02T04:24:16","guid":{"rendered":"https:\/\/odrealty.mx\/?page_id=19247"},"modified":"2021-09-22T14:00:32","modified_gmt":"2021-09-22T20:00:32","slug":"los-barriles","status":"publish","type":"page","link":"https:\/\/odrealty.mx\/es\/los-barriles\/","title":{"rendered":"LOS BARRILES"},"content":{"rendered":"<div data-elementor-type=\"wp-page\" data-elementor-id=\"19247\" class=\"elementor elementor-19247\">\n\t\t\t\t\t\t<section class=\"elementor-section elementor-top-section elementor-element elementor-element-dc113ea elementor-section-boxed elementor-section-height-default elementor-section-height-default\" data-id=\"dc113ea\" data-element_type=\"section\">\n\t\t\t\t\t\t<div class=\"elementor-container elementor-column-gap-default\">\n\t\t\t\t\t<div class=\"elementor-column elementor-col-100 elementor-top-column elementor-element elementor-element-ccc9229\" data-id=\"ccc9229\" data-element_type=\"column\">\n\t\t\t<div class=\"elementor-widget-wrap elementor-element-populated\">\n\t\t\t\t\t\t<div class=\"elementor-element elementor-element-f4630dc elementor-widget elementor-widget-heading\" data-id=\"f4630dc\" data-element_type=\"widget\" data-widget_type=\"heading.default\">\n\t\t\t\t<div class=\"elementor-widget-container\">\n\t\t\t<style>\/*! elementor - v3.21.0 - 26-05-2024 *\/\n.elementor-heading-title{padding:0;margin:0;line-height:1}.elementor-widget-heading .elementor-heading-title[class*=elementor-size-]>a{color:inherit;font-size:inherit;line-height:inherit}.elementor-widget-heading .elementor-heading-title.elementor-size-small{font-size:15px}.elementor-widget-heading .elementor-heading-title.elementor-size-medium{font-size:19px}.elementor-widget-heading .elementor-heading-title.elementor-size-large{font-size:29px}.elementor-widget-heading .elementor-heading-title.elementor-size-xl{font-size:39px}.elementor-widget-heading .elementor-heading-title.elementor-size-xxl{font-size:59px}<\/style><h1 class=\"elementor-heading-title elementor-size-default\">LOS BARRILES<\/h1>\t\t<\/div>\n\t\t\t\t<\/div>\n\t\t\t\t\t<\/div>\n\t\t<\/div>\n\t\t\t\t\t<\/div>\n\t\t<\/section>\n\t\t\t\t<section class=\"elementor-section elementor-top-section elementor-element elementor-element-64457aa elementor-section-boxed elementor-section-height-default elementor-section-height-default\" data-id=\"64457aa\" data-element_type=\"section\">\n\t\t\t\t\t\t<div class=\"elementor-container elementor-column-gap-default\">\n\t\t\t\t\t<div class=\"elementor-column elementor-col-100 elementor-top-column elementor-element elementor-element-a302dd4\" data-id=\"a302dd4\" data-element_type=\"column\">\n\t\t\t<div class=\"elementor-widget-wrap elementor-element-populated\">\n\t\t\t\t\t\t<div class=\"elementor-element elementor-element-c6c5fc0 elementor-arrows-position-inside elementor-pagination-position-outside elementor-widget elementor-widget-image-carousel\" data-id=\"c6c5fc0\" data-element_type=\"widget\" data-settings=\"{&quot;navigation&quot;:&quot;both&quot;,&quot;autoplay&quot;:&quot;yes&quot;,&quot;pause_on_hover&quot;:&quot;yes&quot;,&quot;pause_on_interaction&quot;:&quot;yes&quot;,&quot;autoplay_speed&quot;:5000,&quot;infinite&quot;:&quot;yes&quot;,&quot;speed&quot;:500}\" data-widget_type=\"image-carousel.default\">\n\t\t\t\t<div class=\"elementor-widget-container\">\n\t\t\t<style>\/*! elementor - v3.21.0 - 26-05-2024 *\/\n.elementor-widget-image-carousel .swiper,.elementor-widget-image-carousel .swiper-container{position:static}.elementor-widget-image-carousel .swiper-container .swiper-slide figure,.elementor-widget-image-carousel .swiper .swiper-slide figure{line-height:inherit}.elementor-widget-image-carousel .swiper-slide{text-align:center}.elementor-image-carousel-wrapper:not(.swiper-container-initialized):not(.swiper-initialized) .swiper-slide{max-width:calc(100% \/ var(--e-image-carousel-slides-to-show, 3))}<\/style>\t\t<div class=\"elementor-image-carousel-wrapper swiper\" dir=\"ltr\">\n\t\t\t<div class=\"elementor-image-carousel swiper-wrapper swiper-image-stretch\" aria-live=\"off\">\n\t\t\t\t\t\t\t\t<div class=\"swiper-slide\" role=\"group\" aria-roledescription=\"slide\" aria-label=\"1 de 4\"><figure class=\"swiper-slide-inner\"><img decoding=\"async\" class=\"swiper-slide-image\" src=\"https:\/\/odrealty.mx\/wp-content\/uploads\/2021\/09\/B1-300x225.jpeg\" alt=\"B1\" \/><\/figure><\/div><div class=\"swiper-slide\" role=\"group\" aria-roledescription=\"slide\" aria-label=\"2 de 4\"><figure class=\"swiper-slide-inner\"><img decoding=\"async\" class=\"swiper-slide-image\" src=\"https:\/\/odrealty.mx\/wp-content\/uploads\/2021\/09\/B2-300x225.jpg\" alt=\"B2\" \/><\/figure><\/div><div class=\"swiper-slide\" role=\"group\" aria-roledescription=\"slide\" aria-label=\"3 de 4\"><figure class=\"swiper-slide-inner\"><img decoding=\"async\" class=\"swiper-slide-image\" src=\"https:\/\/odrealty.mx\/wp-content\/uploads\/2021\/09\/B3-300x225.jpg\" alt=\"B3\" \/><\/figure><\/div><div class=\"swiper-slide\" role=\"group\" aria-roledescription=\"slide\" aria-label=\"4 de 4\"><figure class=\"swiper-slide-inner\"><img decoding=\"async\" class=\"swiper-slide-image\" src=\"https:\/\/odrealty.mx\/wp-content\/uploads\/2021\/09\/B4-300x225.jpg\" alt=\"B4\" \/><\/figure><\/div>\t\t\t<\/div>\n\t\t\t\t\t\t\t\t\t\t\t\t<div class=\"elementor-swiper-button elementor-swiper-button-prev\" role=\"button\" tabindex=\"0\">\n\t\t\t\t\t\t<i aria-hidden=\"true\" class=\"eicon-chevron-left\"><\/i>\t\t\t\t\t<\/div>\n\t\t\t\t\t<div class=\"elementor-swiper-button elementor-swiper-button-next\" role=\"button\" tabindex=\"0\">\n\t\t\t\t\t\t<i aria-hidden=\"true\" class=\"eicon-chevron-right\"><\/i>\t\t\t\t\t<\/div>\n\t\t\t\t\n\t\t\t\t\t\t\t\t\t<div class=\"swiper-pagination\"><\/div>\n\t\t\t\t\t\t\t\t\t<\/div>\n\t\t\t\t<\/div>\n\t\t\t\t<\/div>\n\t\t\t\t\t<\/div>\n\t\t<\/div>\n\t\t\t\t\t<\/div>\n\t\t<\/section>\n\t\t\t\t<section class=\"elementor-section elementor-top-section elementor-element elementor-element-f0e90ec elementor-section-boxed elementor-section-height-default elementor-section-height-default\" data-id=\"f0e90ec\" data-element_type=\"section\">\n\t\t\t\t\t\t<div class=\"elementor-container elementor-column-gap-default\">\n\t\t\t\t\t<div class=\"elementor-column elementor-col-100 elementor-top-column elementor-element elementor-element-e478a72\" data-id=\"e478a72\" data-element_type=\"column\">\n\t\t\t<div class=\"elementor-widget-wrap elementor-element-populated\">\n\t\t\t\t\t\t<div class=\"elementor-element elementor-element-b732954 elementor-widget elementor-widget-text-editor\" data-id=\"b732954\" data-element_type=\"widget\" data-widget_type=\"text-editor.default\">\n\t\t\t\t<div class=\"elementor-widget-container\">\n\t\t\t<style>\/*! elementor - v3.21.0 - 26-05-2024 *\/\n.elementor-widget-text-editor.elementor-drop-cap-view-stacked .elementor-drop-cap{background-color:#69727d;color:#fff}.elementor-widget-text-editor.elementor-drop-cap-view-framed .elementor-drop-cap{color:#69727d;border:3px solid;background-color:transparent}.elementor-widget-text-editor:not(.elementor-drop-cap-view-default) .elementor-drop-cap{margin-top:8px}.elementor-widget-text-editor:not(.elementor-drop-cap-view-default) .elementor-drop-cap-letter{width:1em;height:1em}.elementor-widget-text-editor .elementor-drop-cap{float:left;text-align:center;line-height:1;font-size:50px}.elementor-widget-text-editor .elementor-drop-cap-letter{display:inline-block}<\/style>\t\t\t\t<p>Los Barriles se encuentra aproximadamente a 120 km. al sur de La Paz ya 60 km. al norte de San Jos\u00e9 del Cabo, frente al Golfo de M\u00e9xico.<\/p><p>\u00a0Es una zona costera que a\u00fan conserva ese ambiente alegre y solitario que hizo a Baja California Sur tan popular desde que fue descubierta como una regi\u00f3n de gran potencial tur\u00edstico. Adem\u00e1s de sus vastas playas de arena blanca y mar turquesa, la comunidad de Los Barriles es un verdadero santuario para los amantes de la pesca.<\/p><p>Una de las actividades recreativas m\u00e1s populares en Los Barriles es la pesca deportiva. En Los Barriles hay m\u00e1s de 200 embarcaciones listas para llegar al mar y practicar buceo, navegaci\u00f3n y observaci\u00f3n de la biodiversidad submarina. Las profundidades del \u00e1rea sirven de h\u00e1bitat para una extraordinaria variedad de coloridos peces, algas y corales. As\u00ed que los turistas aficionados al buceo tienen mucho que disfrutar en esta parte del territorio nacional.<\/p><p><strong>OCUPACIONES:<\/strong><\/p><p>- Pesca deportiva<\/p><p>- Cabalgatas<\/p><p>- Paseos en cuatrimoto<\/p><p>- Bucear<\/p><p>- Surf de vela<\/p><p>- Visitar bares<\/p><p>- Surf de Vela<\/p>\t\t\t\t\t\t<\/div>\n\t\t\t\t<\/div>\n\t\t\t\t\t<\/div>\n\t\t<\/div>\n\t\t\t\t\t<\/div>\n\t\t<\/section>\n\t\t\t\t<\/div>","protected":false},"excerpt":{"rendered":"<p>LOS BARRILES Anterior Siguiente Los Barriles is located approximately 120 km. south of La Paz and 60 km. north of San Jos\u00e9 del Cabo, facing the Gulf of Mexico. \u00a0It is a coastal area that still preserves that lighthearted and solitary atmosphere that made Baja California Sur so popular since it was discovered as a [&hellip;]<\/p>","protected":false},"author":1,"featured_media":0,"parent":0,"menu_order":0,"comment_status":"closed","ping_status":"closed","template":"template\/template-homepage.php","meta":{"footnotes":""},"class_list":["post-19247","page","type-page","status-publish","hentry"],"_links":{"self":[{"href":"https:\/\/odrealty.mx\/es\/wp-json\/wp\/v2\/pages\/19247","targetHints":{"allow":["GET"]}}],"collection":[{"href":"https:\/\/odrealty.mx\/es\/wp-json\/wp\/v2\/pages"}],"about":[{"href":"https:\/\/odrealty.mx\/es\/wp-json\/wp\/v2\/types\/page"}],"author":[{"embeddable":true,"href":"https:\/\/odrealty.mx\/es\/wp-json\/wp\/v2\/users\/1"}],"replies":[{"embeddable":true,"href":"https:\/\/odrealty.mx\/es\/wp-json\/wp\/v2\/comments?post=19247"}],"version-history":[{"count":7,"href":"https:\/\/odrealty.mx\/es\/wp-json\/wp\/v2\/pages\/19247\/revisions"}],"predecessor-version":[{"id":19927,"href":"https:\/\/odrealty.mx\/es\/wp-json\/wp\/v2\/pages\/19247\/revisions\/19927"}],"wp:attachment":[{"href":"https:\/\/odrealty.mx\/es\/wp-json\/wp\/v2\/media?parent=19247"}],"curies":[{"name":"wp","href":"https:\/\/api.w.org\/{rel}","templated":true}]}}