{"id":19311,"date":"2021-09-02T14:27:29","date_gmt":"2021-09-02T20:27:29","guid":{"rendered":"https:\/\/odrealty.mx\/?page_id=19311"},"modified":"2021-09-23T18:03:03","modified_gmt":"2021-09-24T00:03:03","slug":"our-office","status":"publish","type":"page","link":"https:\/\/odrealty.mx\/es\/our-office\/","title":{"rendered":"Nuestras oficinas"},"content":{"rendered":"<div data-elementor-type=\"wp-page\" data-elementor-id=\"19311\" class=\"elementor elementor-19311\">\n\t\t\t\t\t\t<section class=\"elementor-section elementor-top-section elementor-element elementor-element-e4868eb elementor-section-boxed elementor-section-height-default elementor-section-height-default\" data-id=\"e4868eb\" data-element_type=\"section\">\n\t\t\t\t\t\t<div class=\"elementor-container elementor-column-gap-default\">\n\t\t\t\t\t<div class=\"elementor-column elementor-col-100 elementor-top-column elementor-element elementor-element-58ef304\" data-id=\"58ef304\" data-element_type=\"column\">\n\t\t\t<div class=\"elementor-widget-wrap\">\n\t\t\t\t\t\t\t<\/div>\n\t\t<\/div>\n\t\t\t\t\t<\/div>\n\t\t<\/section>\n\t\t\t\t<section class=\"elementor-section elementor-top-section elementor-element elementor-element-bc62020 elementor-section-boxed elementor-section-height-default elementor-section-height-default\" data-id=\"bc62020\" data-element_type=\"section\">\n\t\t\t\t\t\t<div class=\"elementor-container elementor-column-gap-default\">\n\t\t\t\t\t<div class=\"elementor-column elementor-col-100 elementor-top-column elementor-element elementor-element-dbd6be7\" data-id=\"dbd6be7\" data-element_type=\"column\">\n\t\t\t<div class=\"elementor-widget-wrap elementor-element-populated\">\n\t\t\t\t\t\t<div class=\"elementor-element elementor-element-891e92e elementor-widget elementor-widget-image\" data-id=\"891e92e\" data-element_type=\"widget\" data-widget_type=\"image.default\">\n\t\t\t\t<div class=\"elementor-widget-container\">\n\t\t\t<style>\/*! elementor - v3.21.0 - 26-05-2024 *\/\n.elementor-widget-image{text-align:center}.elementor-widget-image a{display:inline-block}.elementor-widget-image a img[src$=\".svg\"]{width:48px}.elementor-widget-image img{vertical-align:middle;display:inline-block}<\/style>\t\t\t\t\t\t\t\t\t\t<img fetchpriority=\"high\" decoding=\"async\" width=\"1024\" height=\"171\" src=\"https:\/\/odrealty.mx\/wp-content\/uploads\/2021\/09\/OUROFFICE-1024x171.png\" class=\"attachment-large size-large wp-image-19320\" alt=\"\" srcset=\"https:\/\/odrealty.mx\/wp-content\/uploads\/2021\/09\/OUROFFICE-1024x171.png 1024w, https:\/\/odrealty.mx\/wp-content\/uploads\/2021\/09\/OUROFFICE-300x50.png 300w, https:\/\/odrealty.mx\/wp-content\/uploads\/2021\/09\/OUROFFICE-768x128.png 768w, https:\/\/odrealty.mx\/wp-content\/uploads\/2021\/09\/OUROFFICE-496x83.png 496w, https:\/\/odrealty.mx\/wp-content\/uploads\/2021\/09\/OUROFFICE.png 1200w\" sizes=\"(max-width: 1024px) 100vw, 1024px\" \/>\t\t\t\t\t\t\t\t\t\t\t\t\t<\/div>\n\t\t\t\t<\/div>\n\t\t\t\t\t<\/div>\n\t\t<\/div>\n\t\t\t\t\t<\/div>\n\t\t<\/section>\n\t\t\t\t<section class=\"elementor-section elementor-top-section elementor-element elementor-element-f5e96ec elementor-section-boxed elementor-section-height-default elementor-section-height-default\" data-id=\"f5e96ec\" data-element_type=\"section\">\n\t\t\t\t\t\t<div class=\"elementor-container elementor-column-gap-default\">\n\t\t\t\t\t<div class=\"elementor-column elementor-col-33 elementor-top-column elementor-element elementor-element-283b6f2\" data-id=\"283b6f2\" data-element_type=\"column\">\n\t\t\t<div class=\"elementor-widget-wrap elementor-element-populated\">\n\t\t\t\t\t\t<div class=\"elementor-element elementor-element-187512b elementor-widget elementor-widget-image\" data-id=\"187512b\" data-element_type=\"widget\" data-widget_type=\"image.default\">\n\t\t\t\t<div class=\"elementor-widget-container\">\n\t\t\t\t\t\t\t\t\t\t\t\t\t<img decoding=\"async\" width=\"770\" height=\"513\" src=\"https:\/\/odrealty.mx\/wp-content\/uploads\/2021\/08\/office4.jpg\" class=\"attachment-large size-large wp-image-18771\" alt=\"\" srcset=\"https:\/\/odrealty.mx\/wp-content\/uploads\/2021\/08\/office4.jpg 770w, https:\/\/odrealty.mx\/wp-content\/uploads\/2021\/08\/office4-300x200.jpg 300w, https:\/\/odrealty.mx\/wp-content\/uploads\/2021\/08\/office4-768x512.jpg 768w, https:\/\/odrealty.mx\/wp-content\/uploads\/2021\/08\/office4-496x330.jpg 496w\" sizes=\"(max-width: 770px) 100vw, 770px\" \/>\t\t\t\t\t\t\t\t\t\t\t\t\t<\/div>\n\t\t\t\t<\/div>\n\t\t\t\t\t<\/div>\n\t\t<\/div>\n\t\t\t\t<div class=\"elementor-column elementor-col-33 elementor-top-column elementor-element elementor-element-0510c5b\" data-id=\"0510c5b\" data-element_type=\"column\">\n\t\t\t<div class=\"elementor-widget-wrap elementor-element-populated\">\n\t\t\t\t\t\t<div class=\"elementor-element elementor-element-a42598e elementor-widget elementor-widget-image\" data-id=\"a42598e\" data-element_type=\"widget\" data-widget_type=\"image.default\">\n\t\t\t\t<div class=\"elementor-widget-container\">\n\t\t\t\t\t\t\t\t\t\t\t\t\t<img decoding=\"async\" width=\"770\" height=\"513\" src=\"https:\/\/odrealty.mx\/wp-content\/uploads\/2021\/08\/office1.jpg\" class=\"attachment-large size-large wp-image-18768\" alt=\"\" srcset=\"https:\/\/odrealty.mx\/wp-content\/uploads\/2021\/08\/office1.jpg 770w, https:\/\/odrealty.mx\/wp-content\/uploads\/2021\/08\/office1-300x200.jpg 300w, https:\/\/odrealty.mx\/wp-content\/uploads\/2021\/08\/office1-768x512.jpg 768w, https:\/\/odrealty.mx\/wp-content\/uploads\/2021\/08\/office1-496x330.jpg 496w\" sizes=\"(max-width: 770px) 100vw, 770px\" \/>\t\t\t\t\t\t\t\t\t\t\t\t\t<\/div>\n\t\t\t\t<\/div>\n\t\t\t\t\t<\/div>\n\t\t<\/div>\n\t\t\t\t<div class=\"elementor-column elementor-col-33 elementor-top-column elementor-element elementor-element-440ef2d\" data-id=\"440ef2d\" data-element_type=\"column\">\n\t\t\t<div class=\"elementor-widget-wrap elementor-element-populated\">\n\t\t\t\t\t\t<div class=\"elementor-element elementor-element-121257a elementor-widget elementor-widget-image\" data-id=\"121257a\" data-element_type=\"widget\" data-widget_type=\"image.default\">\n\t\t\t\t<div class=\"elementor-widget-container\">\n\t\t\t\t\t\t\t\t\t\t\t\t\t<img loading=\"lazy\" decoding=\"async\" width=\"770\" height=\"513\" src=\"https:\/\/odrealty.mx\/wp-content\/uploads\/2021\/08\/office3.jpg\" class=\"attachment-large size-large wp-image-18770\" alt=\"\" srcset=\"https:\/\/odrealty.mx\/wp-content\/uploads\/2021\/08\/office3.jpg 770w, https:\/\/odrealty.mx\/wp-content\/uploads\/2021\/08\/office3-300x200.jpg 300w, https:\/\/odrealty.mx\/wp-content\/uploads\/2021\/08\/office3-768x512.jpg 768w, https:\/\/odrealty.mx\/wp-content\/uploads\/2021\/08\/office3-496x330.jpg 496w\" sizes=\"(max-width: 770px) 100vw, 770px\" \/>\t\t\t\t\t\t\t\t\t\t\t\t\t<\/div>\n\t\t\t\t<\/div>\n\t\t\t\t\t<\/div>\n\t\t<\/div>\n\t\t\t\t\t<\/div>\n\t\t<\/section>\n\t\t\t\t<section class=\"elementor-section elementor-top-section elementor-element elementor-element-6e34873 elementor-section-boxed elementor-section-height-default elementor-section-height-default\" data-id=\"6e34873\" data-element_type=\"section\">\n\t\t\t\t\t\t<div class=\"elementor-container elementor-column-gap-default\">\n\t\t\t\t\t<div class=\"elementor-column elementor-col-100 elementor-top-column elementor-element elementor-element-096b101\" data-id=\"096b101\" data-element_type=\"column\">\n\t\t\t<div class=\"elementor-widget-wrap elementor-element-populated\">\n\t\t\t\t\t\t<div class=\"elementor-element elementor-element-e878191 elementor-widget elementor-widget-text-editor\" data-id=\"e878191\" data-element_type=\"widget\" data-widget_type=\"text-editor.default\">\n\t\t\t\t<div class=\"elementor-widget-container\">\n\t\t\t<style>\/*! elementor - v3.21.0 - 26-05-2024 *\/\n.elementor-widget-text-editor.elementor-drop-cap-view-stacked .elementor-drop-cap{background-color:#69727d;color:#fff}.elementor-widget-text-editor.elementor-drop-cap-view-framed .elementor-drop-cap{color:#69727d;border:3px solid;background-color:transparent}.elementor-widget-text-editor:not(.elementor-drop-cap-view-default) .elementor-drop-cap{margin-top:8px}.elementor-widget-text-editor:not(.elementor-drop-cap-view-default) .elementor-drop-cap-letter{width:1em;height:1em}.elementor-widget-text-editor .elementor-drop-cap{float:left;text-align:center;line-height:1;font-size:50px}.elementor-widget-text-editor .elementor-drop-cap-letter{display:inline-block}<\/style>\t\t\t\t<p>\u00a0<\/p><p>Nuestra oficina est\u00e1 ubicada en el coraz\u00f3n del centro hist\u00f3rico de La Paz, a solo unos pasos del malec\u00f3n, la catedral La Paz, exquisitos restaurantes alrededor y justo enfrente del flamante museo de arte. Nuestra perfecta ubicaci\u00f3n nos ayuda a estar m\u00e1s cerca de los clientes nacionales e internacionales y, por supuesto, de nuestros locales.<\/p><p>Nuestra oficina se inaugur\u00f3 en febrero de 2020, justo en medio de una pandemia mundial. Aunque los tiempos fueron dif\u00edciles para todos, nuestro equipo ha trabajado muy duro desde entonces para ayudar a clientes de todo el mundo, M\u00e9xico, Estados Unidos, Canad\u00e1 y Europa a encontrar su hogar perfecto aqu\u00ed en Baja.<\/p>\t\t\t\t\t\t<\/div>\n\t\t\t\t<\/div>\n\t\t\t\t\t<\/div>\n\t\t<\/div>\n\t\t\t\t\t<\/div>\n\t\t<\/section>\n\t\t\t\t<section class=\"elementor-section elementor-top-section elementor-element elementor-element-f498617 elementor-section-boxed elementor-section-height-default elementor-section-height-default\" data-id=\"f498617\" data-element_type=\"section\">\n\t\t\t\t\t\t<div class=\"elementor-container elementor-column-gap-default\">\n\t\t\t\t\t<div class=\"elementor-column elementor-col-100 elementor-top-column elementor-element elementor-element-c189484\" data-id=\"c189484\" data-element_type=\"column\">\n\t\t\t<div class=\"elementor-widget-wrap elementor-element-populated\">\n\t\t\t\t\t\t<div class=\"elementor-element elementor-element-0952607 elementor-widget-divider--view-line elementor-widget elementor-widget-divider\" data-id=\"0952607\" data-element_type=\"widget\" data-widget_type=\"divider.default\">\n\t\t\t\t<div class=\"elementor-widget-container\">\n\t\t\t<style>\/*! elementor - v3.21.0 - 26-05-2024 *\/\n.elementor-widget-divider{--divider-border-style:none;--divider-border-width:1px;--divider-color:#0c0d0e;--divider-icon-size:20px;--divider-element-spacing:10px;--divider-pattern-height:24px;--divider-pattern-size:20px;--divider-pattern-url:none;--divider-pattern-repeat:repeat-x}.elementor-widget-divider .elementor-divider{display:flex}.elementor-widget-divider .elementor-divider__text{font-size:15px;line-height:1;max-width:95%}.elementor-widget-divider .elementor-divider__element{margin:0 var(--divider-element-spacing);flex-shrink:0}.elementor-widget-divider .elementor-icon{font-size:var(--divider-icon-size)}.elementor-widget-divider .elementor-divider-separator{display:flex;margin:0;direction:ltr}.elementor-widget-divider--view-line_icon .elementor-divider-separator,.elementor-widget-divider--view-line_text .elementor-divider-separator{align-items:center}.elementor-widget-divider--view-line_icon .elementor-divider-separator:after,.elementor-widget-divider--view-line_icon .elementor-divider-separator:before,.elementor-widget-divider--view-line_text .elementor-divider-separator:after,.elementor-widget-divider--view-line_text .elementor-divider-separator:before{display:block;content:\"\";border-block-end:0;flex-grow:1;border-block-start:var(--divider-border-width) var(--divider-border-style) var(--divider-color)}.elementor-widget-divider--element-align-left .elementor-divider .elementor-divider-separator>.elementor-divider__svg:first-of-type{flex-grow:0;flex-shrink:100}.elementor-widget-divider--element-align-left .elementor-divider-separator:before{content:none}.elementor-widget-divider--element-align-left .elementor-divider__element{margin-left:0}.elementor-widget-divider--element-align-right .elementor-divider .elementor-divider-separator>.elementor-divider__svg:last-of-type{flex-grow:0;flex-shrink:100}.elementor-widget-divider--element-align-right .elementor-divider-separator:after{content:none}.elementor-widget-divider--element-align-right .elementor-divider__element{margin-right:0}.elementor-widget-divider--element-align-start .elementor-divider .elementor-divider-separator>.elementor-divider__svg:first-of-type{flex-grow:0;flex-shrink:100}.elementor-widget-divider--element-align-start .elementor-divider-separator:before{content:none}.elementor-widget-divider--element-align-start .elementor-divider__element{margin-inline-start:0}.elementor-widget-divider--element-align-end .elementor-divider .elementor-divider-separator>.elementor-divider__svg:last-of-type{flex-grow:0;flex-shrink:100}.elementor-widget-divider--element-align-end .elementor-divider-separator:after{content:none}.elementor-widget-divider--element-align-end .elementor-divider__element{margin-inline-end:0}.elementor-widget-divider:not(.elementor-widget-divider--view-line_text):not(.elementor-widget-divider--view-line_icon) .elementor-divider-separator{border-block-start:var(--divider-border-width) var(--divider-border-style) var(--divider-color)}.elementor-widget-divider--separator-type-pattern{--divider-border-style:none}.elementor-widget-divider--separator-type-pattern.elementor-widget-divider--view-line .elementor-divider-separator,.elementor-widget-divider--separator-type-pattern:not(.elementor-widget-divider--view-line) .elementor-divider-separator:after,.elementor-widget-divider--separator-type-pattern:not(.elementor-widget-divider--view-line) .elementor-divider-separator:before,.elementor-widget-divider--separator-type-pattern:not([class*=elementor-widget-divider--view]) .elementor-divider-separator{width:100%;min-height:var(--divider-pattern-height);-webkit-mask-size:var(--divider-pattern-size) 100%;mask-size:var(--divider-pattern-size) 100%;-webkit-mask-repeat:var(--divider-pattern-repeat);mask-repeat:var(--divider-pattern-repeat);background-color:var(--divider-color);-webkit-mask-image:var(--divider-pattern-url);mask-image:var(--divider-pattern-url)}.elementor-widget-divider--no-spacing{--divider-pattern-size:auto}.elementor-widget-divider--bg-round{--divider-pattern-repeat:round}.rtl .elementor-widget-divider .elementor-divider__text{direction:rtl}.e-con-inner>.elementor-widget-divider,.e-con>.elementor-widget-divider{width:var(--container-widget-width,100%);--flex-grow:var(--container-widget-flex-grow)}<\/style>\t\t<div class=\"elementor-divider\">\n\t\t\t<span class=\"elementor-divider-separator\">\n\t\t\t\t\t\t<\/span>\n\t\t<\/div>\n\t\t\t\t<\/div>\n\t\t\t\t<\/div>\n\t\t\t\t\t<\/div>\n\t\t<\/div>\n\t\t\t\t\t<\/div>\n\t\t<\/section>\n\t\t\t\t<section class=\"elementor-section elementor-top-section elementor-element elementor-element-2bcad94 elementor-section-full_width elementor-section-height-default elementor-section-height-default\" data-id=\"2bcad94\" data-element_type=\"section\">\n\t\t\t\t\t\t<div class=\"elementor-container elementor-column-gap-default\">\n\t\t\t\t\t<div class=\"elementor-column elementor-col-100 elementor-top-column elementor-element elementor-element-d4d56aa\" data-id=\"d4d56aa\" data-element_type=\"column\">\n\t\t\t<div class=\"elementor-widget-wrap elementor-element-populated\">\n\t\t\t\t\t\t<div class=\"elementor-element elementor-element-4a8b367 elementor-widget elementor-widget-google_maps\" data-id=\"4a8b367\" data-element_type=\"widget\" data-widget_type=\"google_maps.default\">\n\t\t\t\t<div class=\"elementor-widget-container\">\n\t\t\t<style>\/*! elementor - v3.21.0 - 26-05-2024 *\/\n.elementor-widget-google_maps .elementor-widget-container{overflow:hidden}.elementor-widget-google_maps .elementor-custom-embed{line-height:0}.elementor-widget-google_maps iframe{height:300px}<\/style>\t\t<div class=\"elementor-custom-embed\">\n\t\t\t<iframe loading=\"lazy\"\n\t\t\t\t\tsrc=\"https:\/\/maps.google.com\/maps?q=Cl.%205%20de%20Mayo%2C%20Zona%20Central%2C%2023000%20La%20Paz%2C%20B.C.S.&#038;t=m&#038;z=14&#038;output=embed&#038;iwloc=near\"\n\t\t\t\t\ttitle=\"Cl. 5 de Mayo, Zona Central, 23000 La Paz, B.C.S.\"\n\t\t\t\t\taria-label=\"Cl. 5 de Mayo, Zona Central, 23000 La Paz, B.C.S.\"\n\t\t\t><\/iframe>\n\t\t<\/div>\n\t\t\t\t<\/div>\n\t\t\t\t<\/div>\n\t\t\t\t\t<\/div>\n\t\t<\/div>\n\t\t\t\t\t<\/div>\n\t\t<\/section>\n\t\t\t\t<\/div>","protected":false},"excerpt":{"rendered":"<p>\u00a0 Our office is located in the heart of old downtown La Paz, with just a few steps away from the malecon, catedral La Paz, exquisite restaurants all around,\u00a0 and right in front of the brand new museum of art. our perfect location helps us be closer to international and national clients and of course [&hellip;]<\/p>","protected":false},"author":1,"featured_media":0,"parent":0,"menu_order":0,"comment_status":"closed","ping_status":"closed","template":"template\/template-homepage.php","meta":{"footnotes":""},"class_list":["post-19311","page","type-page","status-publish","hentry"],"_links":{"self":[{"href":"https:\/\/odrealty.mx\/es\/wp-json\/wp\/v2\/pages\/19311","targetHints":{"allow":["GET"]}}],"collection":[{"href":"https:\/\/odrealty.mx\/es\/wp-json\/wp\/v2\/pages"}],"about":[{"href":"https:\/\/odrealty.mx\/es\/wp-json\/wp\/v2\/types\/page"}],"author":[{"embeddable":true,"href":"https:\/\/odrealty.mx\/es\/wp-json\/wp\/v2\/users\/1"}],"replies":[{"embeddable":true,"href":"https:\/\/odrealty.mx\/es\/wp-json\/wp\/v2\/comments?post=19311"}],"version-history":[{"count":20,"href":"https:\/\/odrealty.mx\/es\/wp-json\/wp\/v2\/pages\/19311\/revisions"}],"predecessor-version":[{"id":19963,"href":"https:\/\/odrealty.mx\/es\/wp-json\/wp\/v2\/pages\/19311\/revisions\/19963"}],"wp:attachment":[{"href":"https:\/\/odrealty.mx\/es\/wp-json\/wp\/v2\/media?parent=19311"}],"curies":[{"name":"wp","href":"https:\/\/api.w.org\/{rel}","templated":true}]}}