{"id":19585,"date":"2021-09-09T15:39:30","date_gmt":"2021-09-09T21:39:30","guid":{"rendered":"https:\/\/odrealty.mx\/?page_id=19585"},"modified":"2021-09-09T17:23:44","modified_gmt":"2021-09-09T23:23:44","slug":"about-alejandra-tavarez","status":"publish","type":"page","link":"https:\/\/odrealty.mx\/es\/about-alejandra-tavarez\/","title":{"rendered":"About Alejandra Tavarez"},"content":{"rendered":"<div data-elementor-type=\"wp-page\" data-elementor-id=\"19585\" class=\"elementor elementor-19585\">\n\t\t\t\t\t\t<section class=\"elementor-section elementor-top-section elementor-element elementor-element-8064b0c elementor-section-full_width elementor-section-height-default elementor-section-height-default\" data-id=\"8064b0c\" data-element_type=\"section\">\n\t\t\t\t\t\t<div class=\"elementor-container elementor-column-gap-no\">\n\t\t\t\t\t<div class=\"elementor-column elementor-col-100 elementor-top-column elementor-element elementor-element-808ced1\" data-id=\"808ced1\" data-element_type=\"column\">\n\t\t\t<div class=\"elementor-widget-wrap elementor-element-populated\">\n\t\t\t\t\t\t<div class=\"elementor-element elementor-element-85b5abd elementor-widget elementor-widget-image\" data-id=\"85b5abd\" data-element_type=\"widget\" data-widget_type=\"image.default\">\n\t\t\t\t<div class=\"elementor-widget-container\">\n\t\t\t<style>\/*! elementor - v3.21.0 - 26-05-2024 *\/\n.elementor-widget-image{text-align:center}.elementor-widget-image a{display:inline-block}.elementor-widget-image a img[src$=\".svg\"]{width:48px}.elementor-widget-image img{vertical-align:middle;display:inline-block}<\/style>\t\t\t\t\t\t\t\t\t\t<img fetchpriority=\"high\" decoding=\"async\" width=\"1024\" height=\"212\" src=\"https:\/\/odrealty.mx\/wp-content\/uploads\/2021\/09\/banner_about2-1024x212.jpg\" class=\"attachment-large size-large wp-image-19405\" alt=\"\" srcset=\"https:\/\/odrealty.mx\/wp-content\/uploads\/2021\/09\/banner_about2-1024x212.jpg 1024w, https:\/\/odrealty.mx\/wp-content\/uploads\/2021\/09\/banner_about2-300x62.jpg 300w, https:\/\/odrealty.mx\/wp-content\/uploads\/2021\/09\/banner_about2-768x159.jpg 768w, https:\/\/odrealty.mx\/wp-content\/uploads\/2021\/09\/banner_about2-1536x318.jpg 1536w, https:\/\/odrealty.mx\/wp-content\/uploads\/2021\/09\/banner_about2-2048x424.jpg 2048w, https:\/\/odrealty.mx\/wp-content\/uploads\/2021\/09\/banner_about2-496x103.jpg 496w\" sizes=\"(max-width: 1024px) 100vw, 1024px\" \/>\t\t\t\t\t\t\t\t\t\t\t\t\t<\/div>\n\t\t\t\t<\/div>\n\t\t\t\t\t<\/div>\n\t\t<\/div>\n\t\t\t\t\t<\/div>\n\t\t<\/section>\n\t\t\t\t<section class=\"elementor-section elementor-top-section elementor-element elementor-element-9385c33 elementor-section-boxed elementor-section-height-default elementor-section-height-default\" data-id=\"9385c33\" data-element_type=\"section\">\n\t\t\t\t\t\t<div class=\"elementor-container elementor-column-gap-default\">\n\t\t\t\t\t<div class=\"elementor-column elementor-col-50 elementor-top-column elementor-element elementor-element-94709e4\" data-id=\"94709e4\" data-element_type=\"column\">\n\t\t\t<div class=\"elementor-widget-wrap elementor-element-populated\">\n\t\t\t\t\t\t<div class=\"elementor-element elementor-element-c714f6b elementor-widget elementor-widget-image\" data-id=\"c714f6b\" data-element_type=\"widget\" data-widget_type=\"image.default\">\n\t\t\t\t<div class=\"elementor-widget-container\">\n\t\t\t\t\t\t\t\t\t\t\t\t\t<img decoding=\"async\" width=\"266\" height=\"300\" src=\"https:\/\/odrealty.mx\/wp-content\/uploads\/2021\/09\/page_ALEJANDRATAVAREZ-266x300.png\" class=\"attachment-medium size-medium wp-image-19587\" alt=\"\" srcset=\"https:\/\/odrealty.mx\/wp-content\/uploads\/2021\/09\/page_ALEJANDRATAVAREZ-266x300.png 266w, https:\/\/odrealty.mx\/wp-content\/uploads\/2021\/09\/page_ALEJANDRATAVAREZ-768x865.png 768w, https:\/\/odrealty.mx\/wp-content\/uploads\/2021\/09\/page_ALEJANDRATAVAREZ-11x12.png 11w, https:\/\/odrealty.mx\/wp-content\/uploads\/2021\/09\/page_ALEJANDRATAVAREZ-533x600.png 533w, https:\/\/odrealty.mx\/wp-content\/uploads\/2021\/09\/page_ALEJANDRATAVAREZ-496x559.png 496w, https:\/\/odrealty.mx\/wp-content\/uploads\/2021\/09\/page_ALEJANDRATAVAREZ.png 909w\" sizes=\"(max-width: 266px) 100vw, 266px\" \/>\t\t\t\t\t\t\t\t\t\t\t\t\t<\/div>\n\t\t\t\t<\/div>\n\t\t\t\t\t<\/div>\n\t\t<\/div>\n\t\t\t\t<div class=\"elementor-column elementor-col-50 elementor-top-column elementor-element elementor-element-0bd9521\" data-id=\"0bd9521\" data-element_type=\"column\">\n\t\t\t<div class=\"elementor-widget-wrap elementor-element-populated\">\n\t\t\t\t\t\t<div class=\"elementor-element elementor-element-b6f481d elementor-widget elementor-widget-image\" data-id=\"b6f481d\" data-element_type=\"widget\" data-widget_type=\"image.default\">\n\t\t\t\t<div class=\"elementor-widget-container\">\n\t\t\t\t\t\t\t\t\t\t\t\t\t<img decoding=\"async\" width=\"600\" height=\"350\" src=\"https:\/\/odrealty.mx\/wp-content\/uploads\/2021\/09\/aboutALEJANDRATAVAREZ.png\" class=\"attachment-large size-large wp-image-19588\" alt=\"\" srcset=\"https:\/\/odrealty.mx\/wp-content\/uploads\/2021\/09\/aboutALEJANDRATAVAREZ.png 600w, https:\/\/odrealty.mx\/wp-content\/uploads\/2021\/09\/aboutALEJANDRATAVAREZ-300x175.png 300w, https:\/\/odrealty.mx\/wp-content\/uploads\/2021\/09\/aboutALEJANDRATAVAREZ-18x12.png 18w, https:\/\/odrealty.mx\/wp-content\/uploads\/2021\/09\/aboutALEJANDRATAVAREZ-496x289.png 496w\" sizes=\"(max-width: 600px) 100vw, 600px\" \/>\t\t\t\t\t\t\t\t\t\t\t\t\t<\/div>\n\t\t\t\t<\/div>\n\t\t\t\t\t<\/div>\n\t\t<\/div>\n\t\t\t\t\t<\/div>\n\t\t<\/section>\n\t\t\t\t<section class=\"elementor-section elementor-top-section elementor-element elementor-element-ec72902 elementor-section-boxed elementor-section-height-default elementor-section-height-default\" data-id=\"ec72902\" data-element_type=\"section\">\n\t\t\t\t\t\t<div class=\"elementor-container elementor-column-gap-default\">\n\t\t\t\t\t<div class=\"elementor-column elementor-col-100 elementor-top-column elementor-element elementor-element-f1ed725\" data-id=\"f1ed725\" data-element_type=\"column\">\n\t\t\t<div class=\"elementor-widget-wrap elementor-element-populated\">\n\t\t\t\t\t\t<div class=\"elementor-element elementor-element-da3c238 elementor-widget elementor-widget-text-editor\" data-id=\"da3c238\" data-element_type=\"widget\" data-widget_type=\"text-editor.default\">\n\t\t\t\t<div class=\"elementor-widget-container\">\n\t\t\t<style>\/*! elementor - v3.21.0 - 26-05-2024 *\/\n.elementor-widget-text-editor.elementor-drop-cap-view-stacked .elementor-drop-cap{background-color:#69727d;color:#fff}.elementor-widget-text-editor.elementor-drop-cap-view-framed .elementor-drop-cap{color:#69727d;border:3px solid;background-color:transparent}.elementor-widget-text-editor:not(.elementor-drop-cap-view-default) .elementor-drop-cap{margin-top:8px}.elementor-widget-text-editor:not(.elementor-drop-cap-view-default) .elementor-drop-cap-letter{width:1em;height:1em}.elementor-widget-text-editor .elementor-drop-cap{float:left;text-align:center;line-height:1;font-size:50px}.elementor-widget-text-editor .elementor-drop-cap-letter{display:inline-block}<\/style>\t\t\t\t<h2><span style=\"font-size: 15px; text-transform: none;\">Ya sea que est\u00e9 buscando alquilar, comprar o vender su casa o propiedad, Alejandra puede ayudarlo a satisfacer sus necesidades. Debido a que el mercado inmobiliario es \u00fanico, es importante elegir un agente inmobiliario con experiencia local para que lo gu\u00ede a trav\u00e9s del proceso de alquiler, compra o venta de su pr\u00f3xima casa o propiedad.<\/span><\/h2><p>Su prioridad y compromiso con los clientes es ofrecer un servicio de calidad, asegurando la satisfacci\u00f3n de todas las partes, m\u00e1s all\u00e1 de la compra o alquiler. Su especialidad es hacer llegar a los clientes \u201cla propiedad\u201d que cumpla o supere sus expectativas y al mismo tiempo sea un buen negocio por su precio, ubicaci\u00f3n y plusval\u00eda.\u00a0<\/p><p>Alejandra te transmitir\u00e1 la mayor confianza posible con su profesionalidad, seriedad y dedicaci\u00f3n en el \u00e1mbito inmobiliario.<br \/>Ser\u00e1 un gran aliado ya sea para comprar una propiedad, vender o alquilar y est\u00e1 listo para servirte.<\/p><h6>Social Media<\/h6><p><a href=\"https:\/\/www.facebook.com\/alejandra.tavarezod.1\/\"><img loading=\"lazy\" decoding=\"async\" class=\"alignnone wp-image-17598\" src=\"https:\/\/odrealty.mx\/wp-content\/uploads\/2021\/08\/icono_facebook.png\" alt=\"\" width=\"50\" height=\"50\" \/><\/a> <a href=\"https:\/\/www.instagram.com\/aleoceandreamsr\/?hl=es\"><img loading=\"lazy\" decoding=\"async\" class=\"alignnone wp-image-17601\" src=\"https:\/\/odrealty.mx\/wp-content\/uploads\/2021\/08\/instagram-1-300x300.png\" alt=\"\" width=\"43\" height=\"43\" srcset=\"https:\/\/odrealty.mx\/wp-content\/uploads\/2021\/08\/instagram-1-300x300.png 300w, https:\/\/odrealty.mx\/wp-content\/uploads\/2021\/08\/instagram-1-150x150.png 150w, https:\/\/odrealty.mx\/wp-content\/uploads\/2021\/08\/instagram-1-768x768.png 768w, https:\/\/odrealty.mx\/wp-content\/uploads\/2021\/08\/instagram-1-600x600.png 600w, https:\/\/odrealty.mx\/wp-content\/uploads\/2021\/08\/instagram-1-496x496.png 496w, https:\/\/odrealty.mx\/wp-content\/uploads\/2021\/08\/instagram-1.png 1000w\" sizes=\"(max-width: 43px) 100vw, 43px\" \/>\u00a0<\/a> <a href=\"https:\/\/www.linkedin.com\/in\/dieeney-guevara-a918a054\">\u00a0<\/a>\u00a0\u00a0<\/p>\t\t\t\t\t\t<\/div>\n\t\t\t\t<\/div>\n\t\t\t\t\t<\/div>\n\t\t<\/div>\n\t\t\t\t\t<\/div>\n\t\t<\/section>\n\t\t\t\t<section class=\"elementor-section elementor-top-section elementor-element elementor-element-153ac15 elementor-section-full_width elementor-section-height-default elementor-section-height-default\" data-id=\"153ac15\" data-element_type=\"section\">\n\t\t\t\t\t\t<div class=\"elementor-container elementor-column-gap-no\">\n\t\t\t\t\t<div class=\"elementor-column elementor-col-50 elementor-top-column elementor-element elementor-element-cf867e2\" data-id=\"cf867e2\" data-element_type=\"column\">\n\t\t\t<div class=\"elementor-widget-wrap elementor-element-populated\">\n\t\t\t\t\t\t<div class=\"elementor-element elementor-element-8736b63 elementor-widget elementor-widget-image\" data-id=\"8736b63\" data-element_type=\"widget\" data-widget_type=\"image.default\">\n\t\t\t\t<div class=\"elementor-widget-container\">\n\t\t\t\t\t\t\t\t\t\t\t\t\t<img loading=\"lazy\" decoding=\"async\" width=\"2560\" height=\"1707\" src=\"https:\/\/odrealty.mx\/wp-content\/uploads\/2021\/09\/brokers-scaled.jpg\" class=\"attachment-full size-full wp-image-19363\" alt=\"\" srcset=\"https:\/\/odrealty.mx\/wp-content\/uploads\/2021\/09\/brokers-scaled.jpg 2560w, https:\/\/odrealty.mx\/wp-content\/uploads\/2021\/09\/brokers-300x200.jpg 300w, https:\/\/odrealty.mx\/wp-content\/uploads\/2021\/09\/brokers-1024x683.jpg 1024w, https:\/\/odrealty.mx\/wp-content\/uploads\/2021\/09\/brokers-768x512.jpg 768w, https:\/\/odrealty.mx\/wp-content\/uploads\/2021\/09\/brokers-1536x1024.jpg 1536w, https:\/\/odrealty.mx\/wp-content\/uploads\/2021\/09\/brokers-2048x1365.jpg 2048w, https:\/\/odrealty.mx\/wp-content\/uploads\/2021\/09\/brokers-900x600.jpg 900w, https:\/\/odrealty.mx\/wp-content\/uploads\/2021\/09\/brokers-496x331.jpg 496w\" sizes=\"(max-width: 2560px) 100vw, 2560px\" \/>\t\t\t\t\t\t\t\t\t\t\t\t\t<\/div>\n\t\t\t\t<\/div>\n\t\t\t\t\t<\/div>\n\t\t<\/div>\n\t\t\t\t<div class=\"elementor-column elementor-col-50 elementor-top-column elementor-element elementor-element-5477bb1\" data-id=\"5477bb1\" data-element_type=\"column\" data-settings=\"{&quot;background_background&quot;:&quot;classic&quot;}\">\n\t\t\t<div class=\"elementor-widget-wrap elementor-element-populated\">\n\t\t\t\t\t\t<div class=\"elementor-element elementor-element-41ce11a elementor-widget-divider--view-line elementor-widget elementor-widget-divider\" data-id=\"41ce11a\" data-element_type=\"widget\" data-widget_type=\"divider.default\">\n\t\t\t\t<div class=\"elementor-widget-container\">\n\t\t\t<style>\/*! elementor - v3.21.0 - 26-05-2024 *\/\n.elementor-widget-divider{--divider-border-style:none;--divider-border-width:1px;--divider-color:#0c0d0e;--divider-icon-size:20px;--divider-element-spacing:10px;--divider-pattern-height:24px;--divider-pattern-size:20px;--divider-pattern-url:none;--divider-pattern-repeat:repeat-x}.elementor-widget-divider .elementor-divider{display:flex}.elementor-widget-divider .elementor-divider__text{font-size:15px;line-height:1;max-width:95%}.elementor-widget-divider .elementor-divider__element{margin:0 var(--divider-element-spacing);flex-shrink:0}.elementor-widget-divider .elementor-icon{font-size:var(--divider-icon-size)}.elementor-widget-divider .elementor-divider-separator{display:flex;margin:0;direction:ltr}.elementor-widget-divider--view-line_icon .elementor-divider-separator,.elementor-widget-divider--view-line_text .elementor-divider-separator{align-items:center}.elementor-widget-divider--view-line_icon .elementor-divider-separator:after,.elementor-widget-divider--view-line_icon .elementor-divider-separator:before,.elementor-widget-divider--view-line_text .elementor-divider-separator:after,.elementor-widget-divider--view-line_text .elementor-divider-separator:before{display:block;content:\"\";border-block-end:0;flex-grow:1;border-block-start:var(--divider-border-width) var(--divider-border-style) var(--divider-color)}.elementor-widget-divider--element-align-left .elementor-divider .elementor-divider-separator>.elementor-divider__svg:first-of-type{flex-grow:0;flex-shrink:100}.elementor-widget-divider--element-align-left .elementor-divider-separator:before{content:none}.elementor-widget-divider--element-align-left .elementor-divider__element{margin-left:0}.elementor-widget-divider--element-align-right .elementor-divider .elementor-divider-separator>.elementor-divider__svg:last-of-type{flex-grow:0;flex-shrink:100}.elementor-widget-divider--element-align-right .elementor-divider-separator:after{content:none}.elementor-widget-divider--element-align-right .elementor-divider__element{margin-right:0}.elementor-widget-divider--element-align-start .elementor-divider .elementor-divider-separator>.elementor-divider__svg:first-of-type{flex-grow:0;flex-shrink:100}.elementor-widget-divider--element-align-start .elementor-divider-separator:before{content:none}.elementor-widget-divider--element-align-start .elementor-divider__element{margin-inline-start:0}.elementor-widget-divider--element-align-end .elementor-divider .elementor-divider-separator>.elementor-divider__svg:last-of-type{flex-grow:0;flex-shrink:100}.elementor-widget-divider--element-align-end .elementor-divider-separator:after{content:none}.elementor-widget-divider--element-align-end .elementor-divider__element{margin-inline-end:0}.elementor-widget-divider:not(.elementor-widget-divider--view-line_text):not(.elementor-widget-divider--view-line_icon) .elementor-divider-separator{border-block-start:var(--divider-border-width) var(--divider-border-style) var(--divider-color)}.elementor-widget-divider--separator-type-pattern{--divider-border-style:none}.elementor-widget-divider--separator-type-pattern.elementor-widget-divider--view-line .elementor-divider-separator,.elementor-widget-divider--separator-type-pattern:not(.elementor-widget-divider--view-line) .elementor-divider-separator:after,.elementor-widget-divider--separator-type-pattern:not(.elementor-widget-divider--view-line) .elementor-divider-separator:before,.elementor-widget-divider--separator-type-pattern:not([class*=elementor-widget-divider--view]) .elementor-divider-separator{width:100%;min-height:var(--divider-pattern-height);-webkit-mask-size:var(--divider-pattern-size) 100%;mask-size:var(--divider-pattern-size) 100%;-webkit-mask-repeat:var(--divider-pattern-repeat);mask-repeat:var(--divider-pattern-repeat);background-color:var(--divider-color);-webkit-mask-image:var(--divider-pattern-url);mask-image:var(--divider-pattern-url)}.elementor-widget-divider--no-spacing{--divider-pattern-size:auto}.elementor-widget-divider--bg-round{--divider-pattern-repeat:round}.rtl .elementor-widget-divider .elementor-divider__text{direction:rtl}.e-con-inner>.elementor-widget-divider,.e-con>.elementor-widget-divider{width:var(--container-widget-width,100%);--flex-grow:var(--container-widget-flex-grow)}<\/style>\t\t<div class=\"elementor-divider\">\n\t\t\t<span class=\"elementor-divider-separator\">\n\t\t\t\t\t\t<\/span>\n\t\t<\/div>\n\t\t\t\t<\/div>\n\t\t\t\t<\/div>\n\t\t\t\t<div class=\"elementor-element elementor-element-d3a994e elementor-widget elementor-widget-text-editor\" data-id=\"d3a994e\" data-element_type=\"widget\" data-widget_type=\"text-editor.default\">\n\t\t\t\t<div class=\"elementor-widget-container\">\n\t\t\t\t\t\t\t<p style=\"text-align: center;\"><span style=\"color: #ffffff;\">alejandra@odrealty.mx<\/span><\/p>\t\t\t\t\t\t<\/div>\n\t\t\t\t<\/div>\n\t\t\t\t<div class=\"elementor-element elementor-element-0351a14 elementor-widget elementor-widget-image\" data-id=\"0351a14\" data-element_type=\"widget\" data-widget_type=\"image.default\">\n\t\t\t\t<div class=\"elementor-widget-container\">\n\t\t\t\t\t\t\t\t\t\t\t\t\t<img loading=\"lazy\" decoding=\"async\" width=\"1024\" height=\"208\" src=\"https:\/\/odrealty.mx\/wp-content\/uploads\/2021\/09\/btn_contact-1-1024x208.png\" class=\"attachment-large size-large wp-image-19376\" alt=\"\" srcset=\"https:\/\/odrealty.mx\/wp-content\/uploads\/2021\/09\/btn_contact-1-1024x208.png 1024w, https:\/\/odrealty.mx\/wp-content\/uploads\/2021\/09\/btn_contact-1-300x61.png 300w, https:\/\/odrealty.mx\/wp-content\/uploads\/2021\/09\/btn_contact-1-768x156.png 768w, https:\/\/odrealty.mx\/wp-content\/uploads\/2021\/09\/btn_contact-1-1536x312.png 1536w, https:\/\/odrealty.mx\/wp-content\/uploads\/2021\/09\/btn_contact-1-2048x416.png 2048w, https:\/\/odrealty.mx\/wp-content\/uploads\/2021\/09\/btn_contact-1-496x101.png 496w\" sizes=\"(max-width: 1024px) 100vw, 1024px\" \/>\t\t\t\t\t\t\t\t\t\t\t\t\t<\/div>\n\t\t\t\t<\/div>\n\t\t\t\t\t<\/div>\n\t\t<\/div>\n\t\t\t\t\t<\/div>\n\t\t<\/section>\n\t\t\t\t<\/div>","protected":false},"excerpt":{"rendered":"<p>Whether you are looking to rent, buy or sell your home or property Alejandra can help meet your needs. Because the real estate market is unique, it\u2019s important to choose a real estate agent with local expertise to guide you through the process of renting, buying or selling your next home or property. Her Priority [&hellip;]<\/p>","protected":false},"author":1,"featured_media":0,"parent":0,"menu_order":0,"comment_status":"closed","ping_status":"closed","template":"template\/template-homepage.php","meta":{"footnotes":""},"class_list":["post-19585","page","type-page","status-publish","hentry"],"_links":{"self":[{"href":"https:\/\/odrealty.mx\/es\/wp-json\/wp\/v2\/pages\/19585","targetHints":{"allow":["GET"]}}],"collection":[{"href":"https:\/\/odrealty.mx\/es\/wp-json\/wp\/v2\/pages"}],"about":[{"href":"https:\/\/odrealty.mx\/es\/wp-json\/wp\/v2\/types\/page"}],"author":[{"embeddable":true,"href":"https:\/\/odrealty.mx\/es\/wp-json\/wp\/v2\/users\/1"}],"replies":[{"embeddable":true,"href":"https:\/\/odrealty.mx\/es\/wp-json\/wp\/v2\/comments?post=19585"}],"version-history":[{"count":16,"href":"https:\/\/odrealty.mx\/es\/wp-json\/wp\/v2\/pages\/19585\/revisions"}],"predecessor-version":[{"id":19700,"href":"https:\/\/odrealty.mx\/es\/wp-json\/wp\/v2\/pages\/19585\/revisions\/19700"}],"wp:attachment":[{"href":"https:\/\/odrealty.mx\/es\/wp-json\/wp\/v2\/media?parent=19585"}],"curies":[{"name":"wp","href":"https:\/\/api.w.org\/{rel}","templated":true}]}}