{"id":19593,"date":"2021-09-09T15:44:07","date_gmt":"2021-09-09T21:44:07","guid":{"rendered":"https:\/\/odrealty.mx\/?page_id=19593"},"modified":"2021-09-09T17:30:45","modified_gmt":"2021-09-09T23:30:45","slug":"about-michelle-ramirez","status":"publish","type":"page","link":"https:\/\/odrealty.mx\/es\/about-michelle-ramirez\/","title":{"rendered":"About Michelle Ramirez"},"content":{"rendered":"<div data-elementor-type=\"wp-page\" data-elementor-id=\"19593\" class=\"elementor elementor-19593\">\n\t\t\t\t\t\t<section class=\"elementor-section elementor-top-section elementor-element elementor-element-8064b0c elementor-section-full_width elementor-section-height-default elementor-section-height-default\" data-id=\"8064b0c\" data-element_type=\"section\">\n\t\t\t\t\t\t<div class=\"elementor-container elementor-column-gap-no\">\n\t\t\t\t\t<div class=\"elementor-column elementor-col-100 elementor-top-column elementor-element elementor-element-808ced1\" data-id=\"808ced1\" data-element_type=\"column\">\n\t\t\t<div class=\"elementor-widget-wrap elementor-element-populated\">\n\t\t\t\t\t\t<div class=\"elementor-element elementor-element-85b5abd elementor-widget elementor-widget-image\" data-id=\"85b5abd\" data-element_type=\"widget\" data-widget_type=\"image.default\">\n\t\t\t\t<div class=\"elementor-widget-container\">\n\t\t\t<style>\/*! elementor - v3.21.0 - 26-05-2024 *\/\n.elementor-widget-image{text-align:center}.elementor-widget-image a{display:inline-block}.elementor-widget-image a img[src$=\".svg\"]{width:48px}.elementor-widget-image img{vertical-align:middle;display:inline-block}<\/style>\t\t\t\t\t\t\t\t\t\t<img fetchpriority=\"high\" decoding=\"async\" width=\"1024\" height=\"212\" src=\"https:\/\/odrealty.mx\/wp-content\/uploads\/2021\/09\/banner_about2-1024x212.jpg\" class=\"attachment-large size-large wp-image-19405\" alt=\"\" srcset=\"https:\/\/odrealty.mx\/wp-content\/uploads\/2021\/09\/banner_about2-1024x212.jpg 1024w, https:\/\/odrealty.mx\/wp-content\/uploads\/2021\/09\/banner_about2-300x62.jpg 300w, https:\/\/odrealty.mx\/wp-content\/uploads\/2021\/09\/banner_about2-768x159.jpg 768w, https:\/\/odrealty.mx\/wp-content\/uploads\/2021\/09\/banner_about2-1536x318.jpg 1536w, https:\/\/odrealty.mx\/wp-content\/uploads\/2021\/09\/banner_about2-2048x424.jpg 2048w, https:\/\/odrealty.mx\/wp-content\/uploads\/2021\/09\/banner_about2-496x103.jpg 496w\" sizes=\"(max-width: 1024px) 100vw, 1024px\" \/>\t\t\t\t\t\t\t\t\t\t\t\t\t<\/div>\n\t\t\t\t<\/div>\n\t\t\t\t\t<\/div>\n\t\t<\/div>\n\t\t\t\t\t<\/div>\n\t\t<\/section>\n\t\t\t\t<section class=\"elementor-section elementor-top-section elementor-element elementor-element-9385c33 elementor-section-boxed elementor-section-height-default elementor-section-height-default\" data-id=\"9385c33\" data-element_type=\"section\">\n\t\t\t\t\t\t<div class=\"elementor-container elementor-column-gap-default\">\n\t\t\t\t\t<div class=\"elementor-column elementor-col-50 elementor-top-column elementor-element elementor-element-94709e4\" data-id=\"94709e4\" data-element_type=\"column\">\n\t\t\t<div class=\"elementor-widget-wrap elementor-element-populated\">\n\t\t\t\t\t\t<div class=\"elementor-element elementor-element-c714f6b elementor-widget elementor-widget-image\" data-id=\"c714f6b\" data-element_type=\"widget\" data-widget_type=\"image.default\">\n\t\t\t\t<div class=\"elementor-widget-container\">\n\t\t\t\t\t\t\t\t\t\t\t\t\t<img decoding=\"async\" width=\"266\" height=\"300\" src=\"https:\/\/odrealty.mx\/wp-content\/uploads\/2021\/09\/page_MICHELLE-266x300.png\" class=\"attachment-medium size-medium wp-image-19595\" alt=\"\" srcset=\"https:\/\/odrealty.mx\/wp-content\/uploads\/2021\/09\/page_MICHELLE-266x300.png 266w, https:\/\/odrealty.mx\/wp-content\/uploads\/2021\/09\/page_MICHELLE-768x865.png 768w, https:\/\/odrealty.mx\/wp-content\/uploads\/2021\/09\/page_MICHELLE-11x12.png 11w, https:\/\/odrealty.mx\/wp-content\/uploads\/2021\/09\/page_MICHELLE-533x600.png 533w, https:\/\/odrealty.mx\/wp-content\/uploads\/2021\/09\/page_MICHELLE-496x559.png 496w, https:\/\/odrealty.mx\/wp-content\/uploads\/2021\/09\/page_MICHELLE.png 909w\" sizes=\"(max-width: 266px) 100vw, 266px\" \/>\t\t\t\t\t\t\t\t\t\t\t\t\t<\/div>\n\t\t\t\t<\/div>\n\t\t\t\t\t<\/div>\n\t\t<\/div>\n\t\t\t\t<div class=\"elementor-column elementor-col-50 elementor-top-column elementor-element elementor-element-0bd9521\" data-id=\"0bd9521\" data-element_type=\"column\">\n\t\t\t<div class=\"elementor-widget-wrap elementor-element-populated\">\n\t\t\t\t\t\t<div class=\"elementor-element elementor-element-b6f481d elementor-widget elementor-widget-image\" data-id=\"b6f481d\" data-element_type=\"widget\" data-widget_type=\"image.default\">\n\t\t\t\t<div class=\"elementor-widget-container\">\n\t\t\t\t\t\t\t\t\t\t\t\t\t<img decoding=\"async\" width=\"600\" height=\"350\" src=\"https:\/\/odrealty.mx\/wp-content\/uploads\/2021\/09\/aboutMICHELLE.png\" class=\"attachment-large size-large wp-image-19596\" alt=\"\" srcset=\"https:\/\/odrealty.mx\/wp-content\/uploads\/2021\/09\/aboutMICHELLE.png 600w, https:\/\/odrealty.mx\/wp-content\/uploads\/2021\/09\/aboutMICHELLE-300x175.png 300w, https:\/\/odrealty.mx\/wp-content\/uploads\/2021\/09\/aboutMICHELLE-18x12.png 18w, https:\/\/odrealty.mx\/wp-content\/uploads\/2021\/09\/aboutMICHELLE-496x289.png 496w\" sizes=\"(max-width: 600px) 100vw, 600px\" \/>\t\t\t\t\t\t\t\t\t\t\t\t\t<\/div>\n\t\t\t\t<\/div>\n\t\t\t\t\t<\/div>\n\t\t<\/div>\n\t\t\t\t\t<\/div>\n\t\t<\/section>\n\t\t\t\t<section class=\"elementor-section elementor-top-section elementor-element elementor-element-6f025d8 elementor-section-boxed elementor-section-height-default elementor-section-height-default\" data-id=\"6f025d8\" data-element_type=\"section\">\n\t\t\t\t\t\t<div class=\"elementor-container elementor-column-gap-default\">\n\t\t\t\t\t<div class=\"elementor-column elementor-col-100 elementor-top-column elementor-element elementor-element-c4f1c4e\" data-id=\"c4f1c4e\" data-element_type=\"column\">\n\t\t\t<div class=\"elementor-widget-wrap elementor-element-populated\">\n\t\t\t\t\t\t<div class=\"elementor-element elementor-element-4a3f8dc elementor-widget elementor-widget-text-editor\" data-id=\"4a3f8dc\" data-element_type=\"widget\" data-widget_type=\"text-editor.default\">\n\t\t\t\t<div class=\"elementor-widget-container\">\n\t\t\t<style>\/*! elementor - v3.21.0 - 26-05-2024 *\/\n.elementor-widget-text-editor.elementor-drop-cap-view-stacked .elementor-drop-cap{background-color:#69727d;color:#fff}.elementor-widget-text-editor.elementor-drop-cap-view-framed .elementor-drop-cap{color:#69727d;border:3px solid;background-color:transparent}.elementor-widget-text-editor:not(.elementor-drop-cap-view-default) .elementor-drop-cap{margin-top:8px}.elementor-widget-text-editor:not(.elementor-drop-cap-view-default) .elementor-drop-cap-letter{width:1em;height:1em}.elementor-widget-text-editor .elementor-drop-cap{float:left;text-align:center;line-height:1;font-size:50px}.elementor-widget-text-editor .elementor-drop-cap-letter{display:inline-block}<\/style>\t\t\t\t<p><span style=\"font-size: 15px; text-transform: none;\">Nacido en Ensenada Baja California Norte y viviendo en La Paz Baja California Sur durante gran parte de mi vida, un hermoso lugar para vivir donde he disfrutado de sus atardeceres y aguas cristalinas. Cuando ten\u00eda 18 a\u00f1os fui a estudiar a Monterrey N.L., en ese momento tambi\u00e9n disfrutaba de la vida californiana viviendo en San Diego y Los \u00c1ngeles. Mis aficiones son ir a la playa, disfrutar de los atardeceres, pasear a mis perros, ver a mis amigos y viajar.<\/span><\/p><p>Ser un asesor inmobiliario significa un compromiso con cada cliente de hacer nuestro mejor esfuerzo para hacer realidad el sue\u00f1o de cada cliente al encontrar la propiedad adecuada para lo que est\u00e1 buscando o vender su propiedad lo antes posible. Es importante intentar visualizar lo que piden, me gusta ir a buscar el terreno o visitarlos y cuando me detengo ah\u00ed para ver que cumplen los sue\u00f1os de cada cliente.\u00a0<\/p><p>Para m\u00ed es gratificante ver que nuestros clientes se sienten satisfechos con nuestro trabajo, que terminan contentos con nuestro trabajo como consultora inmobiliaria y que nos recomiendan para lo mismo.<\/p><p><em><strong>\u00a0<\/strong><\/em><\/p><h6>Social Media<\/h6><p><a href=\"https:\/\/www.facebook.com\/michelleOceanDreamsRealty\"><img loading=\"lazy\" decoding=\"async\" class=\"alignnone wp-image-17598\" src=\"https:\/\/odrealty.mx\/wp-content\/uploads\/2021\/08\/icono_facebook.png\" alt=\"\" width=\"50\" height=\"50\" \/><\/a> <a href=\"https:\/\/www.instagram.com\/michelle_oceandreams\/\"><img loading=\"lazy\" decoding=\"async\" class=\"alignnone wp-image-17601\" src=\"https:\/\/odrealty.mx\/wp-content\/uploads\/2021\/08\/instagram-1-300x300.png\" alt=\"\" width=\"43\" height=\"43\" srcset=\"https:\/\/odrealty.mx\/wp-content\/uploads\/2021\/08\/instagram-1-300x300.png 300w, https:\/\/odrealty.mx\/wp-content\/uploads\/2021\/08\/instagram-1-150x150.png 150w, https:\/\/odrealty.mx\/wp-content\/uploads\/2021\/08\/instagram-1-768x768.png 768w, https:\/\/odrealty.mx\/wp-content\/uploads\/2021\/08\/instagram-1-600x600.png 600w, https:\/\/odrealty.mx\/wp-content\/uploads\/2021\/08\/instagram-1-496x496.png 496w, https:\/\/odrealty.mx\/wp-content\/uploads\/2021\/08\/instagram-1.png 1000w\" sizes=\"(max-width: 43px) 100vw, 43px\" \/>\u00a0<\/a> <a href=\"https:\/\/www.linkedin.com\/authwall?trk=gf&amp;trkInfo=AQEejjl8emlccQAAAXvMhuJIk__NdyJlrBHOE4-mNk8cQcOD1XDJiUYV-2wnbD_UYI_3-9IlxH9N3pG0V2dYNL4tQIFmUrOhyA6OB7u5whdhwToeUqYyBolAWwqhcvsysLtH_UA=&amp;originalReferer=https:\/\/odrealty.mx\/&amp;sessionRedirect=https%3A%2F%2Fwww.linkedin.com%2Fin%2Fmichelle-ramirez-012861219%2F\"><img loading=\"lazy\" decoding=\"async\" class=\"alignnone wp-image-17602\" src=\"https:\/\/odrealty.mx\/wp-content\/uploads\/2021\/08\/inkedin-300x300.png\" alt=\"\" width=\"42\" height=\"42\" srcset=\"https:\/\/odrealty.mx\/wp-content\/uploads\/2021\/08\/inkedin-300x300.png 300w, https:\/\/odrealty.mx\/wp-content\/uploads\/2021\/08\/inkedin-150x150.png 150w, https:\/\/odrealty.mx\/wp-content\/uploads\/2021\/08\/inkedin-496x496.png 496w, https:\/\/odrealty.mx\/wp-content\/uploads\/2021\/08\/inkedin.png 512w\" sizes=\"(max-width: 42px) 100vw, 42px\" \/>\u00a0<\/a> \u00a0<\/p>\t\t\t\t\t\t<\/div>\n\t\t\t\t<\/div>\n\t\t\t\t\t<\/div>\n\t\t<\/div>\n\t\t\t\t\t<\/div>\n\t\t<\/section>\n\t\t\t\t<section class=\"elementor-section elementor-top-section elementor-element elementor-element-153ac15 elementor-section-full_width elementor-section-height-default elementor-section-height-default\" data-id=\"153ac15\" data-element_type=\"section\">\n\t\t\t\t\t\t<div class=\"elementor-container elementor-column-gap-no\">\n\t\t\t\t\t<div class=\"elementor-column elementor-col-50 elementor-top-column elementor-element elementor-element-cf867e2\" data-id=\"cf867e2\" data-element_type=\"column\">\n\t\t\t<div class=\"elementor-widget-wrap elementor-element-populated\">\n\t\t\t\t\t\t<div class=\"elementor-element elementor-element-8736b63 elementor-widget elementor-widget-image\" data-id=\"8736b63\" data-element_type=\"widget\" data-widget_type=\"image.default\">\n\t\t\t\t<div class=\"elementor-widget-container\">\n\t\t\t\t\t\t\t\t\t\t\t\t\t<img loading=\"lazy\" decoding=\"async\" width=\"2560\" height=\"1707\" src=\"https:\/\/odrealty.mx\/wp-content\/uploads\/2021\/09\/brokers-scaled.jpg\" class=\"attachment-full size-full wp-image-19363\" alt=\"\" srcset=\"https:\/\/odrealty.mx\/wp-content\/uploads\/2021\/09\/brokers-scaled.jpg 2560w, https:\/\/odrealty.mx\/wp-content\/uploads\/2021\/09\/brokers-300x200.jpg 300w, https:\/\/odrealty.mx\/wp-content\/uploads\/2021\/09\/brokers-1024x683.jpg 1024w, https:\/\/odrealty.mx\/wp-content\/uploads\/2021\/09\/brokers-768x512.jpg 768w, https:\/\/odrealty.mx\/wp-content\/uploads\/2021\/09\/brokers-1536x1024.jpg 1536w, https:\/\/odrealty.mx\/wp-content\/uploads\/2021\/09\/brokers-2048x1365.jpg 2048w, https:\/\/odrealty.mx\/wp-content\/uploads\/2021\/09\/brokers-900x600.jpg 900w, https:\/\/odrealty.mx\/wp-content\/uploads\/2021\/09\/brokers-496x331.jpg 496w\" sizes=\"(max-width: 2560px) 100vw, 2560px\" \/>\t\t\t\t\t\t\t\t\t\t\t\t\t<\/div>\n\t\t\t\t<\/div>\n\t\t\t\t\t<\/div>\n\t\t<\/div>\n\t\t\t\t<div class=\"elementor-column elementor-col-50 elementor-top-column elementor-element elementor-element-5477bb1\" data-id=\"5477bb1\" data-element_type=\"column\" data-settings=\"{&quot;background_background&quot;:&quot;classic&quot;}\">\n\t\t\t<div class=\"elementor-widget-wrap elementor-element-populated\">\n\t\t\t\t\t\t<div class=\"elementor-element elementor-element-41ce11a elementor-widget-divider--view-line elementor-widget elementor-widget-divider\" data-id=\"41ce11a\" data-element_type=\"widget\" data-widget_type=\"divider.default\">\n\t\t\t\t<div class=\"elementor-widget-container\">\n\t\t\t<style>\/*! elementor - v3.21.0 - 26-05-2024 *\/\n.elementor-widget-divider{--divider-border-style:none;--divider-border-width:1px;--divider-color:#0c0d0e;--divider-icon-size:20px;--divider-element-spacing:10px;--divider-pattern-height:24px;--divider-pattern-size:20px;--divider-pattern-url:none;--divider-pattern-repeat:repeat-x}.elementor-widget-divider .elementor-divider{display:flex}.elementor-widget-divider .elementor-divider__text{font-size:15px;line-height:1;max-width:95%}.elementor-widget-divider .elementor-divider__element{margin:0 var(--divider-element-spacing);flex-shrink:0}.elementor-widget-divider .elementor-icon{font-size:var(--divider-icon-size)}.elementor-widget-divider .elementor-divider-separator{display:flex;margin:0;direction:ltr}.elementor-widget-divider--view-line_icon .elementor-divider-separator,.elementor-widget-divider--view-line_text .elementor-divider-separator{align-items:center}.elementor-widget-divider--view-line_icon .elementor-divider-separator:after,.elementor-widget-divider--view-line_icon .elementor-divider-separator:before,.elementor-widget-divider--view-line_text .elementor-divider-separator:after,.elementor-widget-divider--view-line_text .elementor-divider-separator:before{display:block;content:\"\";border-block-end:0;flex-grow:1;border-block-start:var(--divider-border-width) var(--divider-border-style) var(--divider-color)}.elementor-widget-divider--element-align-left .elementor-divider .elementor-divider-separator>.elementor-divider__svg:first-of-type{flex-grow:0;flex-shrink:100}.elementor-widget-divider--element-align-left .elementor-divider-separator:before{content:none}.elementor-widget-divider--element-align-left .elementor-divider__element{margin-left:0}.elementor-widget-divider--element-align-right .elementor-divider .elementor-divider-separator>.elementor-divider__svg:last-of-type{flex-grow:0;flex-shrink:100}.elementor-widget-divider--element-align-right .elementor-divider-separator:after{content:none}.elementor-widget-divider--element-align-right .elementor-divider__element{margin-right:0}.elementor-widget-divider--element-align-start .elementor-divider .elementor-divider-separator>.elementor-divider__svg:first-of-type{flex-grow:0;flex-shrink:100}.elementor-widget-divider--element-align-start .elementor-divider-separator:before{content:none}.elementor-widget-divider--element-align-start .elementor-divider__element{margin-inline-start:0}.elementor-widget-divider--element-align-end .elementor-divider .elementor-divider-separator>.elementor-divider__svg:last-of-type{flex-grow:0;flex-shrink:100}.elementor-widget-divider--element-align-end .elementor-divider-separator:after{content:none}.elementor-widget-divider--element-align-end .elementor-divider__element{margin-inline-end:0}.elementor-widget-divider:not(.elementor-widget-divider--view-line_text):not(.elementor-widget-divider--view-line_icon) .elementor-divider-separator{border-block-start:var(--divider-border-width) var(--divider-border-style) var(--divider-color)}.elementor-widget-divider--separator-type-pattern{--divider-border-style:none}.elementor-widget-divider--separator-type-pattern.elementor-widget-divider--view-line .elementor-divider-separator,.elementor-widget-divider--separator-type-pattern:not(.elementor-widget-divider--view-line) .elementor-divider-separator:after,.elementor-widget-divider--separator-type-pattern:not(.elementor-widget-divider--view-line) .elementor-divider-separator:before,.elementor-widget-divider--separator-type-pattern:not([class*=elementor-widget-divider--view]) .elementor-divider-separator{width:100%;min-height:var(--divider-pattern-height);-webkit-mask-size:var(--divider-pattern-size) 100%;mask-size:var(--divider-pattern-size) 100%;-webkit-mask-repeat:var(--divider-pattern-repeat);mask-repeat:var(--divider-pattern-repeat);background-color:var(--divider-color);-webkit-mask-image:var(--divider-pattern-url);mask-image:var(--divider-pattern-url)}.elementor-widget-divider--no-spacing{--divider-pattern-size:auto}.elementor-widget-divider--bg-round{--divider-pattern-repeat:round}.rtl .elementor-widget-divider .elementor-divider__text{direction:rtl}.e-con-inner>.elementor-widget-divider,.e-con>.elementor-widget-divider{width:var(--container-widget-width,100%);--flex-grow:var(--container-widget-flex-grow)}<\/style>\t\t<div class=\"elementor-divider\">\n\t\t\t<span class=\"elementor-divider-separator\">\n\t\t\t\t\t\t<\/span>\n\t\t<\/div>\n\t\t\t\t<\/div>\n\t\t\t\t<\/div>\n\t\t\t\t<div class=\"elementor-element elementor-element-d3a994e elementor-widget elementor-widget-text-editor\" data-id=\"d3a994e\" data-element_type=\"widget\" data-widget_type=\"text-editor.default\">\n\t\t\t\t<div class=\"elementor-widget-container\">\n\t\t\t\t\t\t\t<p style=\"text-align: center;\"><span style=\"color: #ffffff;\">michelle@odrealty.mx<\/span><\/p>\t\t\t\t\t\t<\/div>\n\t\t\t\t<\/div>\n\t\t\t\t<div class=\"elementor-element elementor-element-0351a14 elementor-widget elementor-widget-image\" data-id=\"0351a14\" data-element_type=\"widget\" data-widget_type=\"image.default\">\n\t\t\t\t<div class=\"elementor-widget-container\">\n\t\t\t\t\t\t\t\t\t\t\t\t\t<img loading=\"lazy\" decoding=\"async\" width=\"1024\" height=\"208\" src=\"https:\/\/odrealty.mx\/wp-content\/uploads\/2021\/09\/btn_contact-1-1024x208.png\" class=\"attachment-large size-large wp-image-19376\" alt=\"\" srcset=\"https:\/\/odrealty.mx\/wp-content\/uploads\/2021\/09\/btn_contact-1-1024x208.png 1024w, https:\/\/odrealty.mx\/wp-content\/uploads\/2021\/09\/btn_contact-1-300x61.png 300w, https:\/\/odrealty.mx\/wp-content\/uploads\/2021\/09\/btn_contact-1-768x156.png 768w, https:\/\/odrealty.mx\/wp-content\/uploads\/2021\/09\/btn_contact-1-1536x312.png 1536w, https:\/\/odrealty.mx\/wp-content\/uploads\/2021\/09\/btn_contact-1-2048x416.png 2048w, https:\/\/odrealty.mx\/wp-content\/uploads\/2021\/09\/btn_contact-1-496x101.png 496w\" sizes=\"(max-width: 1024px) 100vw, 1024px\" \/>\t\t\t\t\t\t\t\t\t\t\t\t\t<\/div>\n\t\t\t\t<\/div>\n\t\t\t\t\t<\/div>\n\t\t<\/div>\n\t\t\t\t\t<\/div>\n\t\t<\/section>\n\t\t\t\t<\/div>","protected":false},"excerpt":{"rendered":"<p>Born in Ensenada Baja California Norte and living in La Paz Baja California Sur for much of my life, a beautiful place to live where I have enjoyed its sunsets and crystal clear waters. When I was 18 years old, I went to study in Monterrey N.L., at the time I also enjoyed Californian life [&hellip;]<\/p>","protected":false},"author":1,"featured_media":0,"parent":0,"menu_order":0,"comment_status":"closed","ping_status":"closed","template":"template\/template-homepage.php","meta":{"footnotes":""},"class_list":["post-19593","page","type-page","status-publish","hentry"],"_links":{"self":[{"href":"https:\/\/odrealty.mx\/es\/wp-json\/wp\/v2\/pages\/19593","targetHints":{"allow":["GET"]}}],"collection":[{"href":"https:\/\/odrealty.mx\/es\/wp-json\/wp\/v2\/pages"}],"about":[{"href":"https:\/\/odrealty.mx\/es\/wp-json\/wp\/v2\/types\/page"}],"author":[{"embeddable":true,"href":"https:\/\/odrealty.mx\/es\/wp-json\/wp\/v2\/users\/1"}],"replies":[{"embeddable":true,"href":"https:\/\/odrealty.mx\/es\/wp-json\/wp\/v2\/comments?post=19593"}],"version-history":[{"count":13,"href":"https:\/\/odrealty.mx\/es\/wp-json\/wp\/v2\/pages\/19593\/revisions"}],"predecessor-version":[{"id":19721,"href":"https:\/\/odrealty.mx\/es\/wp-json\/wp\/v2\/pages\/19593\/revisions\/19721"}],"wp:attachment":[{"href":"https:\/\/odrealty.mx\/es\/wp-json\/wp\/v2\/media?parent=19593"}],"curies":[{"name":"wp","href":"https:\/\/api.w.org\/{rel}","templated":true}]}}