{"id":19740,"date":"2021-09-16T10:03:26","date_gmt":"2021-09-16T16:03:26","guid":{"rendered":"https:\/\/odrealty.mx\/?page_id=19740"},"modified":"2021-09-23T17:59:17","modified_gmt":"2021-09-23T23:59:17","slug":"list-with-us","status":"publish","type":"page","link":"https:\/\/odrealty.mx\/es\/list-with-us\/","title":{"rendered":"Lista con nosotros"},"content":{"rendered":"<div data-elementor-type=\"wp-page\" data-elementor-id=\"19740\" class=\"elementor elementor-19740\">\n\t\t\t\t\t\t<section class=\"elementor-section elementor-top-section elementor-element elementor-element-125aa3d elementor-section-height-min-height animated-slow elementor-section-boxed elementor-section-height-default elementor-section-items-middle elementor-invisible\" data-id=\"125aa3d\" data-element_type=\"section\" data-settings=\"{&quot;background_background&quot;:&quot;classic&quot;,&quot;animation&quot;:&quot;fadeIn&quot;}\">\n\t\t\t\t\t\t\t<div class=\"elementor-background-overlay\"><\/div>\n\t\t\t\t\t\t\t<div class=\"elementor-container elementor-column-gap-default\">\n\t\t\t\t\t<div class=\"elementor-column elementor-col-100 elementor-top-column elementor-element elementor-element-3b3a0df\" data-id=\"3b3a0df\" data-element_type=\"column\">\n\t\t\t<div class=\"elementor-widget-wrap elementor-element-populated\">\n\t\t\t\t\t\t<div class=\"elementor-element elementor-element-1bdf606 elementor-widget elementor-widget-heading\" data-id=\"1bdf606\" data-element_type=\"widget\" data-widget_type=\"heading.default\">\n\t\t\t\t<div class=\"elementor-widget-container\">\n\t\t\t<style>\/*! elementor - v3.21.0 - 26-05-2024 *\/\n.elementor-heading-title{padding:0;margin:0;line-height:1}.elementor-widget-heading .elementor-heading-title[class*=elementor-size-]>a{color:inherit;font-size:inherit;line-height:inherit}.elementor-widget-heading .elementor-heading-title.elementor-size-small{font-size:15px}.elementor-widget-heading .elementor-heading-title.elementor-size-medium{font-size:19px}.elementor-widget-heading .elementor-heading-title.elementor-size-large{font-size:29px}.elementor-widget-heading .elementor-heading-title.elementor-size-xl{font-size:39px}.elementor-widget-heading .elementor-heading-title.elementor-size-xxl{font-size:59px}<\/style><h1 class=\"elementor-heading-title elementor-size-default\">Contact us<\/h1>\t\t<\/div>\n\t\t\t\t<\/div>\n\t\t\t\t\t<\/div>\n\t\t<\/div>\n\t\t\t\t\t<\/div>\n\t\t<\/section>\n\t\t\t\t<section class=\"elementor-section elementor-top-section elementor-element elementor-element-ebf1a8e elementor-section-boxed elementor-section-height-default elementor-section-height-default\" data-id=\"ebf1a8e\" data-element_type=\"section\">\n\t\t\t\t\t\t\t<div class=\"elementor-background-overlay\"><\/div>\n\t\t\t\t\t\t\t<div class=\"elementor-container elementor-column-gap-default\">\n\t\t\t\t\t<div class=\"elementor-column elementor-col-100 elementor-top-column elementor-element elementor-element-1e3040a\" data-id=\"1e3040a\" data-element_type=\"column\" data-settings=\"{&quot;background_background&quot;:&quot;gradient&quot;}\">\n\t\t\t<div class=\"elementor-widget-wrap elementor-element-populated\">\n\t\t\t\t\t\t<div class=\"elementor-element elementor-element-d447604 elementor-widget elementor-widget-image\" data-id=\"d447604\" data-element_type=\"widget\" data-widget_type=\"image.default\">\n\t\t\t\t<div class=\"elementor-widget-container\">\n\t\t\t<style>\/*! elementor - v3.21.0 - 26-05-2024 *\/\n.elementor-widget-image{text-align:center}.elementor-widget-image a{display:inline-block}.elementor-widget-image a img[src$=\".svg\"]{width:48px}.elementor-widget-image img{vertical-align:middle;display:inline-block}<\/style>\t\t\t\t\t\t\t\t\t\t<img fetchpriority=\"high\" decoding=\"async\" width=\"1024\" height=\"171\" src=\"https:\/\/odrealty.mx\/wp-content\/uploads\/2021\/09\/LISTWITHUS-1024x171.png\" class=\"attachment-large size-large wp-image-19744\" alt=\"\" srcset=\"https:\/\/odrealty.mx\/wp-content\/uploads\/2021\/09\/LISTWITHUS-1024x171.png 1024w, https:\/\/odrealty.mx\/wp-content\/uploads\/2021\/09\/LISTWITHUS-300x50.png 300w, https:\/\/odrealty.mx\/wp-content\/uploads\/2021\/09\/LISTWITHUS-768x128.png 768w, https:\/\/odrealty.mx\/wp-content\/uploads\/2021\/09\/LISTWITHUS-18x3.png 18w, https:\/\/odrealty.mx\/wp-content\/uploads\/2021\/09\/LISTWITHUS-496x83.png 496w, https:\/\/odrealty.mx\/wp-content\/uploads\/2021\/09\/LISTWITHUS.png 1200w\" sizes=\"(max-width: 1024px) 100vw, 1024px\" \/>\t\t\t\t\t\t\t\t\t\t\t\t\t<\/div>\n\t\t\t\t<\/div>\n\t\t\t\t<div class=\"elementor-element elementor-element-95fc087 elementor-widget elementor-widget-text-editor\" data-id=\"95fc087\" data-element_type=\"widget\" data-widget_type=\"text-editor.default\">\n\t\t\t\t<div class=\"elementor-widget-container\">\n\t\t\t<style>\/*! elementor - v3.21.0 - 26-05-2024 *\/\n.elementor-widget-text-editor.elementor-drop-cap-view-stacked .elementor-drop-cap{background-color:#69727d;color:#fff}.elementor-widget-text-editor.elementor-drop-cap-view-framed .elementor-drop-cap{color:#69727d;border:3px solid;background-color:transparent}.elementor-widget-text-editor:not(.elementor-drop-cap-view-default) .elementor-drop-cap{margin-top:8px}.elementor-widget-text-editor:not(.elementor-drop-cap-view-default) .elementor-drop-cap-letter{width:1em;height:1em}.elementor-widget-text-editor .elementor-drop-cap{float:left;text-align:center;line-height:1;font-size:50px}.elementor-widget-text-editor .elementor-drop-cap-letter{display:inline-block}<\/style>\t\t\t\t<p class=\"p1\"><span class=\"s1\">Al vender su casa, elegir al agente inmobiliario adecuado es una de las decisiones m\u00e1s importantes que deber\u00e1 tomar. O su propiedad se vender\u00e1 r\u00e1pidamente o puede permanecer en el mercado durante meses con poca o ninguna exhibici\u00f3n. Para nosotros, su propiedad es un activo muy personal, importante y valioso, y puede ser un esfuerzo muy complicado de vender, especialmente en el mercado actual. Tener el agente adecuado para ayudarlo puede ahorrarle cientos de d\u00f3lares, al recibir el asesoramiento y la consulta correctos que pueden marcar una gran diferencia en los resultados.<\/span><span class=\"apple-converted-space\"><span style=\"font-family: '.SFUI-Regular',serif;\">\u00a0<\/span><\/span><br \/><br \/><span class=\"s1\">Estrategias de marketing y publicidad, exposici\u00f3n a Internet, lista de correo electr\u00f3nico directo, sitio web de la propiedad, ubicaci\u00f3n de la oficina, letreros en las ventanas de la oficina, reuniones de oficina, contacto personal, fotograf\u00eda, fotograf\u00eda a\u00e9rea con drones, dise\u00f1o de folletos, listados destacados, campa\u00f1as de marketing digital, redes sociales, jornadas de puertas abiertas , alianzas de asociaci\u00f3n con otras corredur\u00edas de prestigio y un equipo de ventas bien capacitado y capaz de hacer posible lo imposible, todo esto puede marcar la diferencia entre el fracaso y una venta exitosa.<\/span><br \/><br \/><span class=\"s1\">Ocean Dreams Realty es una agencia de corretaje de servicio completo, con licencia del estado de Baja California Sur, con una excelente ubicaci\u00f3n de oficina, ofertas para ayudar a los clientes a preparar su propiedad para vender, cerrando servicios y ayuda a los compradores a encontrar la hipoteca adecuada para ellos. Nuestro equipo tiene experiencia y un historial probado de \u00e9xito vendiendo propiedades en menos de 24 horas en el mercado, no solo estamos vendiendo casas, sino logrando resultados r\u00e9cord para nuestros clientes.<\/span><\/p>\t\t\t\t\t\t<\/div>\n\t\t\t\t<\/div>\n\t\t\t\t<div class=\"elementor-element elementor-element-e35f71f elementor-widget-divider--view-line elementor-widget elementor-widget-divider\" data-id=\"e35f71f\" data-element_type=\"widget\" data-widget_type=\"divider.default\">\n\t\t\t\t<div class=\"elementor-widget-container\">\n\t\t\t<style>\/*! elementor - v3.21.0 - 26-05-2024 *\/\n.elementor-widget-divider{--divider-border-style:none;--divider-border-width:1px;--divider-color:#0c0d0e;--divider-icon-size:20px;--divider-element-spacing:10px;--divider-pattern-height:24px;--divider-pattern-size:20px;--divider-pattern-url:none;--divider-pattern-repeat:repeat-x}.elementor-widget-divider .elementor-divider{display:flex}.elementor-widget-divider .elementor-divider__text{font-size:15px;line-height:1;max-width:95%}.elementor-widget-divider .elementor-divider__element{margin:0 var(--divider-element-spacing);flex-shrink:0}.elementor-widget-divider .elementor-icon{font-size:var(--divider-icon-size)}.elementor-widget-divider .elementor-divider-separator{display:flex;margin:0;direction:ltr}.elementor-widget-divider--view-line_icon .elementor-divider-separator,.elementor-widget-divider--view-line_text .elementor-divider-separator{align-items:center}.elementor-widget-divider--view-line_icon .elementor-divider-separator:after,.elementor-widget-divider--view-line_icon .elementor-divider-separator:before,.elementor-widget-divider--view-line_text .elementor-divider-separator:after,.elementor-widget-divider--view-line_text .elementor-divider-separator:before{display:block;content:\"\";border-block-end:0;flex-grow:1;border-block-start:var(--divider-border-width) var(--divider-border-style) var(--divider-color)}.elementor-widget-divider--element-align-left .elementor-divider .elementor-divider-separator>.elementor-divider__svg:first-of-type{flex-grow:0;flex-shrink:100}.elementor-widget-divider--element-align-left .elementor-divider-separator:before{content:none}.elementor-widget-divider--element-align-left .elementor-divider__element{margin-left:0}.elementor-widget-divider--element-align-right .elementor-divider .elementor-divider-separator>.elementor-divider__svg:last-of-type{flex-grow:0;flex-shrink:100}.elementor-widget-divider--element-align-right .elementor-divider-separator:after{content:none}.elementor-widget-divider--element-align-right .elementor-divider__element{margin-right:0}.elementor-widget-divider--element-align-start .elementor-divider .elementor-divider-separator>.elementor-divider__svg:first-of-type{flex-grow:0;flex-shrink:100}.elementor-widget-divider--element-align-start .elementor-divider-separator:before{content:none}.elementor-widget-divider--element-align-start .elementor-divider__element{margin-inline-start:0}.elementor-widget-divider--element-align-end .elementor-divider .elementor-divider-separator>.elementor-divider__svg:last-of-type{flex-grow:0;flex-shrink:100}.elementor-widget-divider--element-align-end .elementor-divider-separator:after{content:none}.elementor-widget-divider--element-align-end .elementor-divider__element{margin-inline-end:0}.elementor-widget-divider:not(.elementor-widget-divider--view-line_text):not(.elementor-widget-divider--view-line_icon) .elementor-divider-separator{border-block-start:var(--divider-border-width) var(--divider-border-style) var(--divider-color)}.elementor-widget-divider--separator-type-pattern{--divider-border-style:none}.elementor-widget-divider--separator-type-pattern.elementor-widget-divider--view-line .elementor-divider-separator,.elementor-widget-divider--separator-type-pattern:not(.elementor-widget-divider--view-line) .elementor-divider-separator:after,.elementor-widget-divider--separator-type-pattern:not(.elementor-widget-divider--view-line) .elementor-divider-separator:before,.elementor-widget-divider--separator-type-pattern:not([class*=elementor-widget-divider--view]) .elementor-divider-separator{width:100%;min-height:var(--divider-pattern-height);-webkit-mask-size:var(--divider-pattern-size) 100%;mask-size:var(--divider-pattern-size) 100%;-webkit-mask-repeat:var(--divider-pattern-repeat);mask-repeat:var(--divider-pattern-repeat);background-color:var(--divider-color);-webkit-mask-image:var(--divider-pattern-url);mask-image:var(--divider-pattern-url)}.elementor-widget-divider--no-spacing{--divider-pattern-size:auto}.elementor-widget-divider--bg-round{--divider-pattern-repeat:round}.rtl .elementor-widget-divider .elementor-divider__text{direction:rtl}.e-con-inner>.elementor-widget-divider,.e-con>.elementor-widget-divider{width:var(--container-widget-width,100%);--flex-grow:var(--container-widget-flex-grow)}<\/style>\t\t<div class=\"elementor-divider\">\n\t\t\t<span class=\"elementor-divider-separator\">\n\t\t\t\t\t\t<\/span>\n\t\t<\/div>\n\t\t\t\t<\/div>\n\t\t\t\t<\/div>\n\t\t\t\t\t<\/div>\n\t\t<\/div>\n\t\t\t\t\t<\/div>\n\t\t<\/section>\n\t\t\t\t<section class=\"elementor-section elementor-top-section elementor-element elementor-element-26f7376 elementor-section-boxed elementor-section-height-default elementor-section-height-default\" data-id=\"26f7376\" data-element_type=\"section\" data-settings=\"{&quot;background_background&quot;:&quot;classic&quot;}\">\n\t\t\t\t\t\t<div class=\"elementor-container elementor-column-gap-default\">\n\t\t\t\t\t<div class=\"elementor-column elementor-col-100 elementor-top-column elementor-element elementor-element-81800c0\" data-id=\"81800c0\" data-element_type=\"column\">\n\t\t\t<div class=\"elementor-widget-wrap elementor-element-populated\">\n\t\t\t\t\t\t<div class=\"elementor-element elementor-element-15ef816 elementor-widget elementor-widget-image\" data-id=\"15ef816\" data-element_type=\"widget\" data-widget_type=\"image.default\">\n\t\t\t\t<div class=\"elementor-widget-container\">\n\t\t\t\t\t\t\t\t\t\t\t\t\t<img decoding=\"async\" width=\"1024\" height=\"171\" src=\"https:\/\/odrealty.mx\/wp-content\/uploads\/2021\/09\/CLIENTS2-1024x171.png\" class=\"attachment-large size-large wp-image-19141\" alt=\"\" srcset=\"https:\/\/odrealty.mx\/wp-content\/uploads\/2021\/09\/CLIENTS2-1024x171.png 1024w, https:\/\/odrealty.mx\/wp-content\/uploads\/2021\/09\/CLIENTS2-300x50.png 300w, https:\/\/odrealty.mx\/wp-content\/uploads\/2021\/09\/CLIENTS2-768x128.png 768w, https:\/\/odrealty.mx\/wp-content\/uploads\/2021\/09\/CLIENTS2-496x83.png 496w, https:\/\/odrealty.mx\/wp-content\/uploads\/2021\/09\/CLIENTS2.png 1200w\" sizes=\"(max-width: 1024px) 100vw, 1024px\" \/>\t\t\t\t\t\t\t\t\t\t\t\t\t<\/div>\n\t\t\t\t<\/div>\n\t\t\t\t\t<\/div>\n\t\t<\/div>\n\t\t\t\t\t<\/div>\n\t\t<\/section>\n\t\t\t\t<section class=\"elementor-section elementor-top-section elementor-element elementor-element-ecc0178 elementor-section-boxed elementor-section-height-default elementor-section-height-default\" data-id=\"ecc0178\" data-element_type=\"section\" data-settings=\"{&quot;background_background&quot;:&quot;classic&quot;}\">\n\t\t\t\t\t\t<div class=\"elementor-container elementor-column-gap-default\">\n\t\t\t\t\t<div class=\"elementor-column elementor-col-100 elementor-top-column elementor-element elementor-element-ee6ca2e\" data-id=\"ee6ca2e\" data-element_type=\"column\">\n\t\t\t<div class=\"elementor-widget-wrap elementor-element-populated\">\n\t\t\t\t\t\t<div class=\"elementor-element elementor-element-f6f58be elementor-widget elementor-widget-houzez_elementor_testimonials_v2\" data-id=\"f6f58be\" data-element_type=\"widget\" data-widget_type=\"houzez_elementor_testimonials_v2.default\">\n\t\t\t\t<div class=\"elementor-widget-container\">\n\t\t\t\n            <div class=\"testimonials-module testimonials-module-v2\">\n                <div class=\"row\">\n                    \n                            <div class=\"col-md-4 col-sm-12\">\n                                <div class=\"testimonial-item testimonial-item-v2\">\n\t<div class=\"testimonial-icon\">\n\t\t<i class=\"houzez-icon icon-close-quote\"><\/i>\n\t<\/div><!-- testimonial-icon -->\n\t<div class=\"testimonial-body\">\n\t\tLlevaba meses buscando una propiedad aqu\u00ed en baja, le dec\u00eda a los agentes que solo quer\u00eda una propiedad con un presupuesto determinado y siempre me enviaban la opci\u00f3n $ 200k usd m\u00e1s de mi presupuesto. Nunca me escucharon, hasta que encontr\u00e9 a Dieeney, ella no par\u00f3 hasta que nos encontr\u00f3 lo que necesit\u00e1bamos, y no solo le compramos una propiedad, sino dos. Excelente servicio.\t<\/div><!-- testimonial-body -->\n\t<div class=\"d-flex align-items-center\">\n\t\t\n\t\t\t\n\n\t\t<div class=\"testimonial-info\">\n\t\t\t <strong>Jane and Rob<\/strong><br>\n\t\t\t<em>\n\t\t\t\tCliente, Canada            <\/em>\n\t\t<\/div><!-- testimonial-info -->\n\t<\/div><!-- d-flex -->\n<\/div><!-- testimonial-item -->                            <\/div>\n                    \n                            <div class=\"col-md-4 col-sm-12\">\n                                <div class=\"testimonial-item testimonial-item-v2\">\n\t<div class=\"testimonial-icon\">\n\t\t<i class=\"houzez-icon icon-close-quote\"><\/i>\n\t<\/div><!-- testimonial-icon -->\n\t<div class=\"testimonial-body\">\n\t\tSi necesita un agente inmobiliario, Alejandra Tavares es el camino a seguir. Ella siempre est\u00e1 tan disponible, paciencia, tuve muchas dudas al comprar mi primera casa en M\u00e9xico, y ella siempre estuvo dispuesta a ayudarme. Ella es la mejor.\r\n\t<\/div><!-- testimonial-body -->\n\t<div class=\"d-flex align-items-center\">\n\t\t\n\t\t\t\n\n\t\t<div class=\"testimonial-info\">\n\t\t\t <strong>Patricia<\/strong><br>\n\t\t\t<em>\n\t\t\t\tCliente, San Diego            <\/em>\n\t\t<\/div><!-- testimonial-info -->\n\t<\/div><!-- d-flex -->\n<\/div><!-- testimonial-item -->                            <\/div>\n                    \n                            <div class=\"col-md-4 col-sm-12\">\n                                <div class=\"testimonial-item testimonial-item-v2\">\n\t<div class=\"testimonial-icon\">\n\t\t<i class=\"houzez-icon icon-close-quote\"><\/i>\n\t<\/div><!-- testimonial-icon -->\n\t<div class=\"testimonial-body\">\n\t\tMe sorprendi\u00f3 mucho lo r\u00e1pido que se vendi\u00f3 mi casa en menos de 24 horas desde que la puso en el mercado, ingres\u00e9 a las redes sociales y vi c\u00f3mo el equipo de Ocean Dreams trabajaba tan r\u00e1pido y ten\u00eda exhibiciones en poco tiempo, y el cierre fue en menos de lo esperado. 2 semanas. Fue un servicio incre\u00edble.\t<\/div><!-- testimonial-body -->\n\t<div class=\"d-flex align-items-center\">\n\t\t\n\t\t\t\n\n\t\t<div class=\"testimonial-info\">\n\t\t\t <strong>Adry<\/strong><br>\n\t\t\t<em>\n\t\t\t\tCliente, La Paz, BCS.            <\/em>\n\t\t<\/div><!-- testimonial-info -->\n\t<\/div><!-- d-flex -->\n<\/div><!-- testimonial-item -->                            <\/div>\n                                    <\/div>\n            <\/div><!-- testimonials-module -->\n\n        \n\n        \t\t<\/div>\n\t\t\t\t<\/div>\n\t\t\t\t\t<\/div>\n\t\t<\/div>\n\t\t\t\t\t<\/div>\n\t\t<\/section>\n\t\t\t\t<\/div>","protected":false},"excerpt":{"rendered":"<p>Contact us When selling your home, choosing the right real estate agent is one of the most important decisions you\u2019ll need to make. Either your property will sell quickly or it can sit on the market for months with little or no showings. For us, your property is a very personal, important, and valuable asset, [&hellip;]<\/p>","protected":false},"author":1,"featured_media":0,"parent":0,"menu_order":0,"comment_status":"closed","ping_status":"closed","template":"template\/template-homepage.php","meta":{"footnotes":""},"class_list":["post-19740","page","type-page","status-publish","hentry"],"_links":{"self":[{"href":"https:\/\/odrealty.mx\/es\/wp-json\/wp\/v2\/pages\/19740","targetHints":{"allow":["GET"]}}],"collection":[{"href":"https:\/\/odrealty.mx\/es\/wp-json\/wp\/v2\/pages"}],"about":[{"href":"https:\/\/odrealty.mx\/es\/wp-json\/wp\/v2\/types\/page"}],"author":[{"embeddable":true,"href":"https:\/\/odrealty.mx\/es\/wp-json\/wp\/v2\/users\/1"}],"replies":[{"embeddable":true,"href":"https:\/\/odrealty.mx\/es\/wp-json\/wp\/v2\/comments?post=19740"}],"version-history":[{"count":13,"href":"https:\/\/odrealty.mx\/es\/wp-json\/wp\/v2\/pages\/19740\/revisions"}],"predecessor-version":[{"id":19960,"href":"https:\/\/odrealty.mx\/es\/wp-json\/wp\/v2\/pages\/19740\/revisions\/19960"}],"wp:attachment":[{"href":"https:\/\/odrealty.mx\/es\/wp-json\/wp\/v2\/media?parent=19740"}],"curies":[{"name":"wp","href":"https:\/\/api.w.org\/{rel}","templated":true}]}}